{"id":56814,"date":"2025-09-30T12:05:43","date_gmt":"2025-09-30T10:05:43","guid":{"rendered":"https:\/\/www.fope.com\/?page_id=56814"},"modified":"2025-09-30T12:05:43","modified_gmt":"2025-09-30T10:05:43","slug":"privacy-policy-2","status":"publish","type":"page","link":"https:\/\/www.fope.com\/it\/privacy-policy-2\/","title":{"rendered":"Privacy Policy"},"content":{"rendered":"<div class=\"jd-block mt-5 pb-0\" >\n    <div class=\"container-fluid\">\n                <div class=\"row justify-content-center\">\n            <div class=\"cols col-lg-24 text-center\">\n                                    <h4 class=\"text-center jd-block__title--big\">Privacy Policy<\/h4>\n                                <div class=\"jd-block__text jd-block__text--huge\">\n                                    <\/div>\n            <\/div>\n        <\/div>\n    <\/div>\n<\/div>\n\n\n<div class=\"jd-block pt-4\" >\n    <div class=\"container-fluid\">\n                <div class=\"row justify-content-center\">\n            <div class=\"cols col-lg-14\">\n                                <div class=\"jd-block__text jd-block__text\">\n                    <h3 class=\"info\">INFORMATIVA AI SENSI DELL&#8217; ART. 13 DEL REGOLAMENTO EUROPEO n. 2016\/679 (General Data Protection Regulation)<\/h3>\n<ol>\n<li><strong> Titolare del trattamento<\/strong><\/li>\n<\/ol>\n<p>Il Titolare del trattamento \u00e8 FOPE S.p.A. (P.IVA 00163880248), in persona del legale rappresentante <em>pro tempore<\/em>, con sede legale in Vicenza, via Giuseppe Zampieri 31, www.fope.com, di seguito \u201cil Titolare\u201d.<\/p>\n<p>Il Titolare intende fornire all\u2019interessato l\u2019informativa completa sulle finalit\u00e0 e sulle modalit\u00e0 del trattamento dei dati personali.<\/p>\n<ol start=\"2\">\n<li><strong> Modalit\u00e0 del trattamento dei dati personali<\/strong><\/li>\n<\/ol>\n<p>I dati personali (es. dati anagrafici, recapito telefonico, email, etc.) sono trattati su supporti informatici o comunque con l\u2019ausilio di strumenti informatizzati o automatizzati ed inseriti nelle pertinenti banche, cui potranno accedere gli incaricati al trattamento dei dati, nel rispetto delle misure di sicurezza e, comunque, in modo da garantire l\u2019integrit\u00e0, la sicurezza e la riservatezza dei dati stessi. Il trattamento potr\u00e0 anche essere effettuato da terzi che forniscono specifici servizi elaborativi, amministrativi o strumentali necessari per il raggiungimento delle finalit\u00e0 di cui sotto.<\/p>\n<ol start=\"3\">\n<li><strong> Finalit\u00e0 del trattamento<\/strong><\/li>\n<\/ol>\n<p>Il Titolare tratter\u00e0 i Suoi dati personali per le seguenti finalit\u00e0:<\/p>\n<ul>\n<li>svolgimento delle attivit\u00e0 contrattuali e precontrattuali<\/li>\n<li>adempimenti ad obblighi fiscali o legali<\/li>\n<li>invio di newsletter a scopo informativo e promozionale;<\/li>\n<\/ul>\n<p>I dati personali, altres\u00ec, saranno trattati esclusivamente per finalit\u00e0 strettamente connesse e strumentali all\u2019adempimento delle obbligazioni inerenti i predetti punti.<\/p>\n<p>Il consenso da Lei manifestato \u00e8 la base giuridica del trattamento ai sensi dell\u2019art. 13, comma 1), lettera c) del GDPR.<\/p>\n<ol start=\"4\">\n<li><strong> Natura del conferimento<\/strong><\/li>\n<\/ol>\n<p>Il conferimento dei Suoi dati per le finalit\u00e0 di cui ai punti 1) e 2) dell\u2019art.3 non richiede alcun consenso formale in quanto propedeutico ed essenziale a qualsiasi rapporto contrattuale o precontrattuale.<\/p>\n<p>Il conferimento dei Suoi dati per le finalit\u00e0 di cui ai punti 3) dell&#8217;art. 3 \u00e8 facoltativo e richiede il Suo consenso espresso. Il mancato assenso implicher\u00e0 esclusivamente le conseguenze di seguito descritte: l&#8217;impossibilit\u00e0 di inviare newsletter a scopo informativo e promozionale.<\/p>\n<p>In ogni caso qualora Lei abbia prestato il consenso espresso per autorizzare il Titolale a perseguire le finalit\u00e0 di cui ai punti 3) dell&#8217;art. 3, rester\u00e0 comunque libero in ogni momento di revocarlo, inviando senza formalit\u00e0 alcuna una comunicazione in tal senso all\u2019indirizzo di posta elettronica privacy@fope.com. A seguito della ricezione di tale richiesta di opt-out il Titolare proceder\u00e0 tempestivamente alla rimozione e cancellazione dei dati dai database utilizzati per il trattamento per finalit\u00e0 di invio di newsletter e ad informare, per le medesime finalit\u00e0 di cancellazione, eventuali terzi cui i dati siano stati comunicati. La semplice ricezione della richiesta di cancellazione varr\u00e0 automaticamente quale conferma di avvenuta cancellazione.<\/p>\n<ol start=\"5\">\n<li><strong> Destinatari o categoria di destinatari dei dati personali<\/strong><\/li>\n<\/ol>\n<p>I dati personali da Lei conferiti, per le finalit\u00e0 sopra descritte, potranno essere portati a conoscenza di dipendenti e\/o collaboratori de il Titolare ed comunicati ai seguenti soggetti:<\/p>\n<ol>\n<li>societ\u00e0 terze eventualmente incaricate da il Titolare di provvedere all\u2019esecuzione delle obbligazioni assunte da quest\u2019ultimo per l\u2019attuazione dei trattamenti previsti dalle finalit\u00e0 di cui ai punti 1) e 2) dell\u2019art.3;<\/li>\n<li>tutti i soggetti (ivi incluse le Pubbliche Autorit\u00e0) che hanno diritto di accesso ai dati in forza di provvedimenti normativi o amministrativi;<\/li>\n<li>societ\u00e0 terze che forniscono servizi di supporto essenziali ai trattamenti ed hanno accesso diretto o indiretto ai Suoi dati;<\/li>\n<li>societ\u00e0 terze incaricate da il Titolare per i trattamenti dei dati previsti dalle finalit\u00e0 di cui ai punti 3), dell\u2019art.3.<\/li>\n<\/ol>\n<p>Tutti i collaboratori o fornitori utilizzati da il Titolare per il trattamento dei Suoi dati personali sono stati opportunamente e legalmente autorizzati e responsabilizzati sulle modalit\u00e0 e le finalit\u00e0 dei trattamenti ad essi attribuiti ed agiranno nel rispetto ed in accordo alla presente informativa.<\/p>\n<p>I dati personali da Lei conferiti, per le finalit\u00e0 sopra descritte, potranno essere trasferiti a partner commerciali per i trattamenti dei dati previsti dalle finalit\u00e0 di cui ai punti 3), dell\u2019art.3.<\/p>\n<p>I dati personali da Lei conferiti e successivamente trattati in relazione alla gestione del servizio non sono soggetti a diffusione.<\/p>\n<p>Per i soggetti indicati ai punti a), c) e d) viene indicata solo la categoria dei destinatari, in quanto oggetto di frequenti aggiornamenti e revisioni. Pertanto, gli Interessati potranno richiedere l\u2019elenco aggiornato dei destinatari contattando il Titolare del trattamento attraverso i canali indicati all\u2019art. 1 della presente informativa.<\/p>\n<ol start=\"6\">\n<li><strong> Tempi di conservazione dei dati <\/strong><\/li>\n<\/ol>\n<p>I Suoi dati personali saranno conservati per i tempi definiti dalla normativa di riferimento, che di seguito si specificano ai sensi dell\u2019art. 13, comma 2, lettera a) GDPR:<\/p>\n<ul>\n<li>per le finalit\u00e0 indicate ai punti 1), 2) dell\u2019art.3 per i tempi prescritti dalle leggi vigenti e comunque per un periodo non inferiore ai 10 (dieci) anni<\/li>\n<li>per le finalit\u00e0 indicate ai punti 3), dell\u2019art. 3 per 2 (due) anni dal momento del rilascio del consenso al trattamento.<\/li>\n<\/ul>\n<ol start=\"7\">\n<li><strong> Esercizio dei diritti da parte dell\u2019interessato<\/strong><\/li>\n<\/ol>\n<p>Ai sensi degli articoli 13, comma 2, lettere b) e d), 15, 18, 19 e 21 GDPR si informa l\u2019interessato che ha diritto di:<\/p>\n<ol>\n<li>Accesso ai dati personali: ottenere la conferma o meno che sia in corso un trattamento di dati che La riguardano e, in tal caso, l\u2019accesso alle seguenti informazioni: le finalit\u00e0, le categorie di dati, i destinatari, il periodo di conservazione, il diritto di proporre reclamo ad un\u2019autorit\u00e0 di controllo, il diritto di richiedere la rettifica o cancellazione o limitazione del trattamento od opposizione al trattamento stesso nonch\u00e9 l\u2019esistenza di un processo decisionale automatizzato;<\/li>\n<li>Richiesta di rettifica o cancellazione degli stessi o limitazione dei trattamenti che La riguardano; per \u201climitazione\u201d si intende il contrassegno dei dati conservati con l\u2019obiettivo di limitarne il trattamento in futuro;<\/li>\n<li>Opposizione al trattamento: opporsi per motivi connessi alla Sua situazione particolare al trattamento di dati per l\u2019esecuzione di un compito di interesse pubblico o per il perseguimento di un legittimo interesse de il Titolare;<\/li>\n<li>Portabilit\u00e0 dei dati: nel caso di trattamento automatizzato svolto sulla base del consenso o in esecuzione di un contratto, di ricevere in un formato strutturato, di uso comune e leggibile da dispositivo automatico, i dati che La riguardano; in particolare, i dati Le verranno forniti da il Titolare in formato .xml;<\/li>\n<li>Revoca del consenso al trattamento per finalit\u00e0 di marketing, sia diretto che indiretto, ricerche di mercato e profilazione; l&#8217;esercizio di tale diritto non pregiudica in alcun modo la liceit\u00e0 dei trattamenti svolti prima della revoca;<\/li>\n<li>Proporre reclamo ai sensi dell\u2019art. 77 RGPD all\u2019autorit\u00e0 di controllo competente in base alla Sua residenza abituale, al luogo di lavoro oppure al luogo di violazione dei Suoi diritti; per l\u2019Italia \u00e8 competente il Garante per la protezione dei dati personali, contattabile tramite i dati di contatto riportati sul sito web http:\/\/www.garanteprivacy.it.<\/li>\n<\/ol>\n<p>I predetti diritti potranno essere esercitati inviando apposita richiesta a il Titolare del trattamento mediante i canali di contatto indicati all\u2019art. 1 della presente informativa.<\/p>\n<p>Le richieste relative all\u2019esercizio dei Suoi diritti saranno evase senza ingiustificato ritardo e, in ogni modo, entro un mese dalla domanda; solo in casi di particolare complessit\u00e0 e del numero di richieste tale termine potr\u00e0 essere prorogato di ulteriori 2 (due) mesi. L\u2019esercizio dei diritti non \u00e8 soggetto ad alcun vincolo di forma ed \u00e8 gratuito. L\u2019indirizzo di posta elettronica per l\u2019esercizio dei diritti \u00e8 <a href=\"mailto:privacy@fope.com\">privacy@fope.com<\/a>.<\/p>\n<p>\u201cResponsabile per la protezione dei dati personali (RPD)<\/p>\n<p>Il Titolare del trattamento ha designato il Responsabile per la protezione dei dati personali \u2013 c.d. Responsabile Protezione dei dati personali o \u201cRPD\u201d \u2013 ai sensi dell\u2019art. 37, GDPR, la societ\u00e0 Top Management Consulting Srl, nella persona del legale rappresentate Ing. Maurizio Squaiella, con sede legale in 36100 Vicenza, Via Divisione Folgore n. 7, Int. 11, codice fiscale 03947550244, che potr\u00e0 essere contattata per ogni informazione e\/o richiesta inviando una e-mail a <a href=\"mailto:privacy@fope.com\">privacy@fope.com<\/a><\/p>\n<div id=\"cookiefirst-policy-page\"><\/div>\n                <\/div>\n            <\/div>\n        <\/div>\n    <\/div>\n<\/div>\n","protected":false},"excerpt":{"rendered":"","protected":false},"author":291,"featured_media":0,"parent":0,"menu_order":0,"comment_status":"closed","ping_status":"open","template":"","meta":{"_acf_changed":false,"footnotes":""},"class_list":["post-56814","page","type-page","status-publish","hentry"],"acf":[],"_links":{"self":[{"href":"https:\/\/www.fope.com\/it\/wp-json\/wp\/v2\/pages\/56814","targetHints":{"allow":["GET"]}}],"collection":[{"href":"https:\/\/www.fope.com\/it\/wp-json\/wp\/v2\/pages"}],"about":[{"href":"https:\/\/www.fope.com\/it\/wp-json\/wp\/v2\/types\/page"}],"author":[{"embeddable":true,"href":"https:\/\/www.fope.com\/it\/wp-json\/wp\/v2\/users\/291"}],"replies":[{"embeddable":true,"href":"https:\/\/www.fope.com\/it\/wp-json\/wp\/v2\/comments?post=56814"}],"version-history":[{"count":1,"href":"https:\/\/www.fope.com\/it\/wp-json\/wp\/v2\/pages\/56814\/revisions"}],"predecessor-version":[{"id":56818,"href":"https:\/\/www.fope.com\/it\/wp-json\/wp\/v2\/pages\/56814\/revisions\/56818"}],"wp:attachment":[{"href":"https:\/\/www.fope.com\/it\/wp-json\/wp\/v2\/media?parent=56814"}],"curies":[{"name":"wp","href":"https:\/\/api.w.org\/{rel}","templated":true}]}}