{"id":23327,"date":"2024-01-15T18:11:29","date_gmt":"2024-01-15T17:11:29","guid":{"rendered":"https:\/\/fope.noooserver.com\/?page_id=23327"},"modified":"2024-02-19T14:24:40","modified_gmt":"2024-02-19T13:24:40","slug":"etica-e-sostenibilita","status":"publish","type":"page","link":"https:\/\/www.fope.com\/it\/etica-e-sostenibilita\/","title":{"rendered":"Etica e Sostenibilit\u00e0"},"content":{"rendered":"\n<div class=\"wp-block-columns is-layout-flex wp-container-core-columns-is-layout-a03acb33 wp-block-columns-is-layout-flex\" style=\"margin-bottom:var(--wp--preset--spacing--60);padding-bottom:0\">\n<div class=\"wp-block-column is-layout-flow wp-container-core-column-is-layout-f983ec1d wp-block-column-is-layout-flow\" style=\"padding-bottom:0\">    <div class=\"parallax-top w-100\">\n\n        <div class=\"parallax-top__anchors\">\n                <a class=\"anchor-lnk\" data-target=\"#etica\" href=\"javascript:void(0);\">ETICA<\/a>\n                <a class=\"anchor-lnk\" data-target=\"#ambiente \" href=\"javascript:void(0);\">AMBIENTE <\/a>\n                <a class=\"anchor-lnk\" data-target=\"#certificazioni\" href=\"javascript:void(0);\">CERTIFICAZIONI<\/a>\n            <\/div>\n                <img decoding=\"async\" class=\"img-fluid w-100\" src=\"https:\/\/www.fope.com\/wp-content\/uploads\/2024\/01\/FOPE-Sustainability-Ceretta-2880x1620.jpg\" alt=\"https:\/\/www.fope.com\/wp-content\/uploads\/2024\/01\/FOPE-Sustainability-Ceretta-2880x1620.jpg\" \/>\n    \n        <h1 class=\"parallax-top__title col-lg-16 \" style=\"color:#FFF;\" >\n        <div class=\"site-breadcrumb position-absolute\" style=\"color:#FFF;\">\n            <nav aria-label=\"breadcrumbs\" class=\"rank-math-breadcrumb\"><p><span class=\"last\">Home<\/span><\/p><\/nav>        <\/div>\n        A guidarci nelle scelte sono etica e sostenibilit\u00e0.            <\/h1>\n\n    <\/div>\n<style>\n    .parallax-top__title .site-breadcrumb a {\n        color: #FFF;\n    }\n<\/style>\n<\/div>\n<\/div>\n\n\n<div class=\"jd-block\" id=\"etica\" >\n    <div class=\"container-fluid\">\n                <div class=\"row justify-content-center\">\n            <div class=\"cols col-lg-24 text-center\">\n                                    <h4 class=\" jd-block__title--normal\">ETICA<\/h4>\n                                <div class=\"jd-block__text jd-block__text--huge\">\n                    <p>Un business responsabile<\/p>\n                <\/div>\n            <\/div>\n        <\/div>\n    <\/div>\n<\/div>\n\n\n<div class=\"jd-block\" >\n    <div class=\"container-fluid\">\n                <div class=\"row justify-content-center\">\n            <div class=\"cols col-lg-14\">\n                                <div class=\"jd-block__text jd-block__text\">\n                    <p>A guidare l\u2019azienda sono da sempre i pi\u00f9 alti valori etici e di responsabilit\u00e0 imprenditoriale. Nel 2020 FOPE ha adottato il proprio Codice Etico, un documento che definisce l\u2019insieme dei valori che l\u2019azienda riconosce e promuove tra tutti i suoi portatori d\u2019interesse, dai dipendenti ai fornitori. Negli ultimi anni, con l\u2019obiettivo della trasparenza, FOPE si \u00e8 impegnata in un processo di rendicontazione delle iniziative legate alla responsabilit\u00e0 sociale, e dal 2022 redige ogni anno il Bilancio di Sostenibilit\u00e0 secondo i GRI Sustainability Standards.<\/p>\n                <\/div>\n            <\/div>\n        <\/div>\n    <\/div>\n<\/div>\n\n\n<div class=\"jd-block\">\n    <div class=\"container-fluid\">\n        <div class=\"row justify-content-center\">\n        \n                    <div class=\"col-lg-24 p-0\">\n                        <div class=\"jd-block__carousel\">\n                            <div class=\"splide__track\">\n                                <div class=\"splide__list\">\n                                    <div class=\"splide__slide \">\n                                        <div class=\"jd-block__image\">\n                                            <img decoding=\"async\" src=\"https:\/\/www.fope.com\/wp-content\/uploads\/2023\/12\/FOPE-sustainability-1-scaled.jpg\" alt=\"https:\/\/www.fope.com\/wp-content\/uploads\/2023\/12\/FOPE-sustainability-1-scaled.jpg\" class=\"img-fluid w-100\">\n                                                                                    <\/div>\n                                    <\/div>\n                                    <div class=\"splide__slide \">\n                                        <div class=\"jd-block__image\">\n                                            <img decoding=\"async\" src=\"https:\/\/www.fope.com\/wp-content\/uploads\/2023\/12\/FOPE-sustainability-2-scaled.jpg\" alt=\"https:\/\/www.fope.com\/wp-content\/uploads\/2023\/12\/FOPE-sustainability-2-scaled.jpg\" class=\"img-fluid w-100\">\n                                                                                    <\/div>\n                                    <\/div>\n                                <\/div>\n                            <\/div>\n                        <\/div>\n                    <\/div>\n\n                \n            \n\n        \n\n\n\n\n\n        <\/div>\n    <\/div>\n<\/div>\n\n\n<div class=\"jd-block\" id=\"ambiente\" >\n    <div class=\"container-fluid\">\n                <div class=\"row justify-content-center\">\n            <div class=\"cols col-lg-24 text-center\">\n                                    <h4 class=\" jd-block__title--normal\">AMBIENTE<\/h4>\n                                <div class=\"jd-block__text jd-block__text--huge\">\n                    <p>Un\u2019azienda carbon neutral<\/p>\n                <\/div>\n            <\/div>\n        <\/div>\n    <\/div>\n<\/div>\n\n\n<div class=\"jd-block\" >\n    <div class=\"container-fluid\">\n                <div class=\"row justify-content-center\">\n            <div class=\"cols col-lg-14\">\n                                <div class=\"jd-block__text jd-block__text\">\n                    <p>FOPE si impegna a ridurre il proprio impatto sull\u2019ambiente e a rendere le sue attivit\u00e0 carbon neutral attraverso il progetto Neutral Carbon Footprint, che ha come obiettivo la compensazione delle emissioni di CO2 tramite l\u2019acquisto di crediti provenienti da progetti certificati Gold Standard VER. La sede di Vicenza, dove avviene la produzione di tutti i gioielli a marchio FOPE, \u00e8 autonoma dal punto di vista energetico grazie all\u2019impianto fotovoltaico. L\u2019azienda aderisce inoltre a programmi di compensazione per i viaggi di lavoro dei dipendenti e per il trasporto e la distribuzione dei gioielli.<\/p>\n                <\/div>\n            <\/div>\n        <\/div>\n    <\/div>\n<\/div>\n\n\n<div class=\"jd-block\">\n    <div class=\"container-fluid\">\n        <div class=\"row justify-content-center\">\n            <div class=\"col-lg-12\">\n                <div class=\"jd-block__carousel--2\">\n                    <div class=\"splide__track\">\n                        <div class=\"splide__list\">\n                                                        <div class=\"splide__slide \">\n                                <div class=\"jd-block__image\">\n                                    <a class=\"overlay-box__item\" data-caption=\"\" data-fullimage=\"https:\/\/www.fope.com\/wp-content\/uploads\/2024\/01\/FOPE-Sustainability-Gallery-1.jpg\" data-gallery=\"g1\" href=\"javascript:void(0);\" aria-label=\"overlay item\"><img decoding=\"async\" src=\"https:\/\/www.fope.com\/wp-content\/uploads\/2024\/01\/FOPE-Sustainability-Gallery-1-1409x941.jpg\" alt=\"https:\/\/www.fope.com\/wp-content\/uploads\/2024\/01\/FOPE-Sustainability-Gallery-1-1409x941.jpg\" class=\"img-fluid w-100\" \/><\/a>\n                                    <span><\/span>\n                                <\/div>\n                            <\/div>\n                                                        <div class=\"splide__slide \">\n                                <div class=\"jd-block__image\">\n                                    <a class=\"overlay-box__item\" data-caption=\"\" data-fullimage=\"https:\/\/www.fope.com\/wp-content\/uploads\/2024\/01\/FOPE-Sustainability-Gallery-2.jpg\" data-gallery=\"g1\" href=\"javascript:void(0);\" aria-label=\"overlay item\"><img decoding=\"async\" src=\"https:\/\/www.fope.com\/wp-content\/uploads\/2024\/01\/FOPE-Sustainability-Gallery-2-1409x941.jpg\" alt=\"https:\/\/www.fope.com\/wp-content\/uploads\/2024\/01\/FOPE-Sustainability-Gallery-2-1409x941.jpg\" class=\"img-fluid w-100\" \/><\/a>\n                                    <span><\/span>\n                                <\/div>\n                            <\/div>\n                                                        <div class=\"splide__slide \">\n                                <div class=\"jd-block__image\">\n                                    <a class=\"overlay-box__item\" data-caption=\"\" data-fullimage=\"https:\/\/www.fope.com\/wp-content\/uploads\/2024\/01\/FOPE-Sustainability-Gallery-3.jpg\" data-gallery=\"g1\" href=\"javascript:void(0);\" aria-label=\"overlay item\"><img decoding=\"async\" src=\"https:\/\/www.fope.com\/wp-content\/uploads\/2024\/01\/FOPE-Sustainability-Gallery-3-1409x941.jpg\" alt=\"https:\/\/www.fope.com\/wp-content\/uploads\/2024\/01\/FOPE-Sustainability-Gallery-3-1409x941.jpg\" class=\"img-fluid w-100\" \/><\/a>\n                                    <span><\/span>\n                                <\/div>\n                            <\/div>\n                                                        <div class=\"splide__slide \">\n                                <div class=\"jd-block__image\">\n                                    <a class=\"overlay-box__item\" data-caption=\"\" data-fullimage=\"https:\/\/www.fope.com\/wp-content\/uploads\/2024\/01\/FOPE-Sustainability-Gallery-4.jpg\" data-gallery=\"g1\" href=\"javascript:void(0);\" aria-label=\"overlay item\"><img decoding=\"async\" src=\"https:\/\/www.fope.com\/wp-content\/uploads\/2024\/01\/FOPE-Sustainability-Gallery-4-1409x941.jpg\" alt=\"https:\/\/www.fope.com\/wp-content\/uploads\/2024\/01\/FOPE-Sustainability-Gallery-4-1409x941.jpg\" class=\"img-fluid w-100\" \/><\/a>\n                                    <span><\/span>\n                                <\/div>\n                            <\/div>\n                                                        <div class=\"splide__slide \">\n                                <div class=\"jd-block__image\">\n                                    <a class=\"overlay-box__item\" data-caption=\"\" data-fullimage=\"https:\/\/www.fope.com\/wp-content\/uploads\/2024\/01\/FOPE-Sustainability-Gallery-5.jpg\" data-gallery=\"g1\" href=\"javascript:void(0);\" aria-label=\"overlay item\"><img decoding=\"async\" src=\"https:\/\/www.fope.com\/wp-content\/uploads\/2024\/01\/FOPE-Sustainability-Gallery-5-1409x941.jpg\" alt=\"https:\/\/www.fope.com\/wp-content\/uploads\/2024\/01\/FOPE-Sustainability-Gallery-5-1409x941.jpg\" class=\"img-fluid w-100\" \/><\/a>\n                                    <span><\/span>\n                                <\/div>\n                            <\/div>\n                                                    <\/div>\n                    <\/div>\n                    <div class=\"jd-block__carouselControls\">\n                        <a class=\"jd-block__carouselControls--prev\" href=\"javascript:void(0);\" aria-label=\"prev item\">\n                            <svg xmlns=\"http:\/\/www.w3.org\/2000\/svg\" width=\"11\" height=\"8\" viewBox=\"0 0 11 8\"><path fill=\"#000\" fill-rule=\"nonzero\" d=\"m7.288 7.877 3.442-3.442a.5.5 0 0 0 0-.707L7.288.286l-.707.707L9.17 3.58H.714v1H9.17L6.581 7.17l.707.707Z\"\/><\/svg>\n                        <\/a>\n                        <a class=\"jd-block__carouselControls--next\" href=\"javascript:void(0);\" aria-label=\"next item\">\n                            <svg xmlns=\"http:\/\/www.w3.org\/2000\/svg\" width=\"11\" height=\"8\" viewBox=\"0 0 11 8\"><path fill=\"#000\" fill-rule=\"nonzero\" d=\"m7.288 7.877 3.442-3.442a.5.5 0 0 0 0-.707L7.288.286l-.707.707L9.17 3.58H.714v1H9.17L6.581 7.17l.707.707Z\"\/><\/svg>\n                        <\/a>\n                    <\/div>\n                <\/div>\n            <\/div>\n        <\/div>\n    <\/div>\n<\/div>\n\n\n<div class=\"jd-block\" id=\"certificazioni\" >\n    <div class=\"container-fluid\">\n                <div class=\"row justify-content-center\">\n            <div class=\"cols col-lg-24 text-center\">\n                                    <h4 class=\" jd-block__title--normal\">CERTIFICAZIONI<\/h4>\n                                <div class=\"jd-block__text jd-block__text--huge\">\n                    <p>Oro e diamanti da filiera certificata<\/p>\n                <\/div>\n            <\/div>\n        <\/div>\n    <\/div>\n<\/div>\n\n\n<div class=\"jd-block\" >\n    <div class=\"container-fluid\">\n                <div class=\"row justify-content-center\">\n            <div class=\"cols col-lg-14\">\n                                <div class=\"jd-block__text jd-block__text\">\n                    <p>Dal 2014 FOPE \u00e8 membro certificato del Responsible Jewellery Council (RJC), l\u2019ente internazionale no-profit che stabilisce gli standard etici di tutta la filiera della gioielleria.<\/p>\n<p>Tutto l\u2019oro acquistato \u00e8 certificato dalla London Bullion Market Association (LBMA). I maggiori fornitori di diamanti, il principale dei quali \u00e8 a sua volta membro certificato RJC, ne assicurano la provenienza da fonti legittime e non coinvolte nel finanziamento di conflitti nei paesi di provenienza, e la lavorazione secondo le pi\u00f9 autorevoli linee guida internazionali.<\/p>\n                <\/div>\n            <\/div>\n        <\/div>\n    <\/div>\n<\/div>\n\n\n<div class=\"jd-block\">\n    <div class=\"container-fluid\">\n        <div class=\"row justify-content-center\">\n        \n                            <div class=\"col-lg-14 p-mobile-zero\">\n                    <div class=\"jd-block__carousel\">\n                        <div class=\"splide__track\">\n                            <div class=\"splide__list\">\n                                <div class=\"splide__slide \">\n                                    <div class=\"jd-block__image\">\n                                        <img decoding=\"async\" src=\"https:\/\/www.fope.com\/wp-content\/uploads\/2024\/01\/FOPE-Sustainability-1-Ceretta-scaled.jpg\" alt=\"https:\/\/www.fope.com\/wp-content\/uploads\/2024\/01\/FOPE-Sustainability-1-Ceretta-scaled.jpg\" class=\"img-fluid w-100\">\n                                                                            <\/div>\n                                <\/div>\n                                <div class=\"splide__slide \">\n                                    <div class=\"jd-block__image\">\n                                        <img decoding=\"async\" src=\"https:\/\/www.fope.com\/wp-content\/uploads\/2024\/01\/FOPE-Sustainability-2-Vicenza-scaled.jpg\" alt=\"https:\/\/www.fope.com\/wp-content\/uploads\/2024\/01\/FOPE-Sustainability-2-Vicenza-scaled.jpg\" class=\"img-fluid w-100\">\n                                                                            <\/div>\n                                <\/div>\n                            <\/div>\n                        <\/div>\n                    <\/div>\n                <\/div>\n            \n        \n\n\n\n\n\n        <\/div>\n    <\/div>\n<\/div>\n\n\n<div class=\"jd-block\"   >\n    <div class=\"container-fluid\">\n        <div class=\"row justify-content-center\">\n            <div class=\"col text-center\">\n                                <h4 class=\"flag-storelocator__title\">Per saperne di pi\u00f9 sulla sostenibilit\u00e0 e leggere il report annuale, consulta<\/h4>\n                <a href=\"https:\/\/fopegroup.com\/\" class=\"flag-storelocator__cta\" target=\"_blank\" rel=\"noopener\">Il sito del Gruppo <svg xmlns=\"http:\/\/www.w3.org\/2000\/svg\" width=\"11\" height=\"8\" viewBox=\"0 0 11 8\"><path fill=\"#89af80\" fill-rule=\"nonzero\" d=\"m7.288 7.877 3.442-3.442a.5.5 0 0 0 0-.707L7.288.286l-.707.707L9.17 3.58H.714v1H9.17L6.581 7.17l.707.707Z\"\/><\/svg><\/a>\n            <\/div>\n        <\/div>\n    <\/div>\n<\/div>\n","protected":false},"excerpt":{"rendered":"","protected":false},"author":1,"featured_media":0,"parent":0,"menu_order":0,"comment_status":"closed","ping_status":"closed","template":"","meta":{"_acf_changed":false,"footnotes":""},"class_list":["post-23327","page","type-page","status-publish","hentry"],"acf":[],"_links":{"self":[{"href":"https:\/\/www.fope.com\/it\/wp-json\/wp\/v2\/pages\/23327","targetHints":{"allow":["GET"]}}],"collection":[{"href":"https:\/\/www.fope.com\/it\/wp-json\/wp\/v2\/pages"}],"about":[{"href":"https:\/\/www.fope.com\/it\/wp-json\/wp\/v2\/types\/page"}],"author":[{"embeddable":true,"href":"https:\/\/www.fope.com\/it\/wp-json\/wp\/v2\/users\/1"}],"replies":[{"embeddable":true,"href":"https:\/\/www.fope.com\/it\/wp-json\/wp\/v2\/comments?post=23327"}],"version-history":[{"count":24,"href":"https:\/\/www.fope.com\/it\/wp-json\/wp\/v2\/pages\/23327\/revisions"}],"predecessor-version":[{"id":28137,"href":"https:\/\/www.fope.com\/it\/wp-json\/wp\/v2\/pages\/23327\/revisions\/28137"}],"wp:attachment":[{"href":"https:\/\/www.fope.com\/it\/wp-json\/wp\/v2\/media?parent=23327"}],"curies":[{"name":"wp","href":"https:\/\/api.w.org\/{rel}","templated":true}]}}