{"id":61940,"date":"2026-02-03T18:36:54","date_gmt":"2026-02-03T17:36:54","guid":{"rendered":"https:\/\/www.fope.com\/product\/70305bx_pb__flexit-armband-mit-diamant-pave-verschluss\/"},"modified":"2026-03-16T17:16:06","modified_gmt":"2026-03-16T16:16:06","slug":"70305bx_pb__flexit-armband-mit-diamant-pave-verschluss","status":"publish","type":"product","link":"https:\/\/www.fope.com\/de\/product\/70305bx_pb__flexit-armband-mit-diamant-pave-verschluss\/","title":{"rendered":"70305BX_PB__Flex\u2019it Armband mit Diamant-Pav\u00e9"},"content":{"rendered":"<p>Flexibles Armband vollst\u00e4ndig aus 18-kar\u00e4tigem Gold gefertigt, mit einem dekorativen Element mit Diamant-Pav\u00e9.<\/p>\n","protected":false},"excerpt":{"rendered":"<p>Flexibles Armband vollst\u00e4ndig aus 18-kar\u00e4tigem Gold gefertigt, mit einem dekorativen Element mit Diamant-Pav\u00e9.<\/p>\n","protected":false},"featured_media":61556,"template":"","meta":{"_acf_changed":false},"product_brand":[],"product_cat":[2667,9395,2670],"product_tag":[],"class_list":{"0":"post-61940","1":"product","2":"type-product","3":"status-publish","4":"has-post-thumbnail","6":"product_cat-bracelets-de","7":"product_cat-eka-2","8":"product_cat-flex-it-de","9":"pa_color-b-de","10":"pa_color-g-de","11":"pa_color-r-de","12":"pa_default_color-g-de","13":"pa_fopecollection-eka-de","14":"pa_saleable-notsaleable-de","15":"pa_size-l-de","16":"pa_size-m-de","17":"pa_size-s-de","18":"pa_size-xl-de","19":"pa_size-xs-de","21":"first","22":"instock","23":"shipping-taxable","24":"purchasable","25":"product-type-variable"},"acf":[],"_links":{"self":[{"href":"https:\/\/www.fope.com\/de\/wp-json\/wp\/v2\/product\/61940","targetHints":{"allow":["GET"]}}],"collection":[{"href":"https:\/\/www.fope.com\/de\/wp-json\/wp\/v2\/product"}],"about":[{"href":"https:\/\/www.fope.com\/de\/wp-json\/wp\/v2\/types\/product"}],"wp:featuredmedia":[{"embeddable":true,"href":"https:\/\/www.fope.com\/de\/wp-json\/wp\/v2\/media\/61556"}],"wp:attachment":[{"href":"https:\/\/www.fope.com\/de\/wp-json\/wp\/v2\/media?parent=61940"}],"wp:term":[{"taxonomy":"product_brand","embeddable":true,"href":"https:\/\/www.fope.com\/de\/wp-json\/wp\/v2\/product_brand?post=61940"},{"taxonomy":"product_cat","embeddable":true,"href":"https:\/\/www.fope.com\/de\/wp-json\/wp\/v2\/product_cat?post=61940"},{"taxonomy":"product_tag","embeddable":true,"href":"https:\/\/www.fope.com\/de\/wp-json\/wp\/v2\/product_tag?post=61940"}],"curies":[{"name":"wp","href":"https:\/\/api.w.org\/{rel}","templated":true}]}}