{"id":53814,"date":"2025-07-17T18:06:26","date_gmt":"2025-07-17T16:06:26","guid":{"rendered":"https:\/\/www.fope.com\/?post_type=product&#038;p=53814"},"modified":"2025-07-17T18:12:57","modified_gmt":"2025-07-17T16:12:57","slug":"60911bx_bb__flexit-armband-mit-weissen-diamanten-copy","status":"publish","type":"product","link":"https:\/\/www.fope.com\/de\/product\/60811bx_bk__flexit-armband-mit-kogolong\/","title":{"rendered":"60811BX_BK__FLEX&#8217;IT-ARMBAND MIT KOGOLONG"},"content":{"rendered":"<p>Flexibles Armband, vollst\u00e4ndig aus 18-kar\u00e4tigem Gold gefertigt, mit einer goldenen Rondelle mit Kogolong und wei\u00dfen Diamanten<\/p>\n","protected":false},"excerpt":{"rendered":"<p>Flexibles Armband, vollst\u00e4ndig aus 18-kar\u00e4tigem Gold gefertigt, mit einer goldenen Rondelle mit Kogolong und wei\u00dfen Diamanten<\/p>\n","protected":false},"featured_media":53889,"template":"","meta":{"_acf_changed":false},"product_brand":[],"product_cat":[2667,2668,2670],"product_tag":[],"class_list":{"0":"post-53814","1":"product","2":"type-product","3":"status-publish","4":"has-post-thumbnail","6":"product_cat-bracelets-de","7":"product_cat-categories-de","8":"product_cat-flex-it-de","9":"pa_color-g-de","10":"pa_default_color-g-de","11":"pa_fopecollection-eka-de","12":"pa_saleable-notsaleable-de","13":"pa_size-l-de","14":"pa_size-m-de","15":"pa_size-s-de","16":"pa_size-xl-de","17":"pa_size-xs-de","19":"first","20":"instock","21":"shipping-taxable","22":"purchasable","23":"product-type-variable"},"acf":[],"_links":{"self":[{"href":"https:\/\/www.fope.com\/de\/wp-json\/wp\/v2\/product\/53814","targetHints":{"allow":["GET"]}}],"collection":[{"href":"https:\/\/www.fope.com\/de\/wp-json\/wp\/v2\/product"}],"about":[{"href":"https:\/\/www.fope.com\/de\/wp-json\/wp\/v2\/types\/product"}],"wp:featuredmedia":[{"embeddable":true,"href":"https:\/\/www.fope.com\/de\/wp-json\/wp\/v2\/media\/53889"}],"wp:attachment":[{"href":"https:\/\/www.fope.com\/de\/wp-json\/wp\/v2\/media?parent=53814"}],"wp:term":[{"taxonomy":"product_brand","embeddable":true,"href":"https:\/\/www.fope.com\/de\/wp-json\/wp\/v2\/product_brand?post=53814"},{"taxonomy":"product_cat","embeddable":true,"href":"https:\/\/www.fope.com\/de\/wp-json\/wp\/v2\/product_cat?post=53814"},{"taxonomy":"product_tag","embeddable":true,"href":"https:\/\/www.fope.com\/de\/wp-json\/wp\/v2\/product_tag?post=53814"}],"curies":[{"name":"wp","href":"https:\/\/api.w.org\/{rel}","templated":true}]}}