{"id":44785,"date":"2025-03-03T12:58:46","date_gmt":"2025-03-03T11:58:46","guid":{"rendered":"https:\/\/www.fope.com\/product\/89503cx_bb__slider-halskette-mit-pave-diamanten\/"},"modified":"2025-03-03T12:58:46","modified_gmt":"2025-03-03T11:58:46","slug":"89503cx_bb__slider-halskette-mit-pave-diamanten","status":"publish","type":"product","link":"https:\/\/www.fope.com\/de\/product\/89503cx_bb__slider-halskette-mit-pave-diamanten\/","title":{"rendered":"89503CX_BB__Slider Halskette mit pav\u00e9 Diamanten"},"content":{"rendered":"<p>18-kar\u00e4tige goldene Halskette mit einem pav\u00e9 gefassten Diamanten-Slider f\u00fcr eine verstellbare, individuelle L\u00e4nge<\/p>\n","protected":false},"excerpt":{"rendered":"<p>18-kar\u00e4tige goldene Halskette mit einem pav\u00e9 gefassten Diamanten-Slider f\u00fcr eine verstellbare, individuelle L\u00e4nge<\/p>\n","protected":false},"featured_media":45000,"template":"","meta":{"_acf_changed":false},"product_brand":[],"product_cat":[2668,2666,2679],"product_tag":[],"class_list":{"0":"post-44785","1":"product","2":"type-product","3":"status-publish","4":"has-post-thumbnail","6":"product_cat-categories-de","7":"product_cat-default-category-de","8":"product_cat-necklaces-de","9":"pa_caliber-106-ct-de","10":"pa_caratura-106-ct-de","11":"pa_color-b-de","12":"pa_color-g-de","13":"pa_color-r-de","14":"pa_default_color-g-de","15":"pa_fopecollection-aria-de","16":"pa_saleable-saleable-de","18":"first","19":"instock","20":"shipping-taxable","21":"purchasable","22":"product-type-variable"},"acf":[],"_links":{"self":[{"href":"https:\/\/www.fope.com\/de\/wp-json\/wp\/v2\/product\/44785","targetHints":{"allow":["GET"]}}],"collection":[{"href":"https:\/\/www.fope.com\/de\/wp-json\/wp\/v2\/product"}],"about":[{"href":"https:\/\/www.fope.com\/de\/wp-json\/wp\/v2\/types\/product"}],"wp:featuredmedia":[{"embeddable":true,"href":"https:\/\/www.fope.com\/de\/wp-json\/wp\/v2\/media\/45000"}],"wp:attachment":[{"href":"https:\/\/www.fope.com\/de\/wp-json\/wp\/v2\/media?parent=44785"}],"wp:term":[{"taxonomy":"product_brand","embeddable":true,"href":"https:\/\/www.fope.com\/de\/wp-json\/wp\/v2\/product_brand?post=44785"},{"taxonomy":"product_cat","embeddable":true,"href":"https:\/\/www.fope.com\/de\/wp-json\/wp\/v2\/product_cat?post=44785"},{"taxonomy":"product_tag","embeddable":true,"href":"https:\/\/www.fope.com\/de\/wp-json\/wp\/v2\/product_tag?post=44785"}],"curies":[{"name":"wp","href":"https:\/\/api.w.org\/{rel}","templated":true}]}}