{"id":30765,"date":"2024-05-06T12:09:29","date_gmt":"2024-05-06T10:09:29","guid":{"rendered":"https:\/\/www.fope.com\/product\/58904bx_bb__flexit-bracelets-with-diamonds\/"},"modified":"2026-01-30T15:38:53","modified_gmt":"2026-01-30T14:38:53","slug":"58904bx_bb__flexit-bracelets-with-diamonds","status":"publish","type":"product","link":"https:\/\/www.fope.com\/de\/product\/58904bx_bb__flexit-armband-mit-diamanten\/","title":{"rendered":"58904BX_BB__Flex&#8217;it Armband mit Diamanten"},"content":{"rendered":"<p>Flexibles Armband aus 18 Karat Gold mit Rondellen aus Gelb-, Wei\u00df- oder Ros\u00e9gold und wei\u00dfen Diamanten<\/p>\n","protected":false},"excerpt":{"rendered":"<p>Flexibles Armband aus 18 Karat Gold mit Rondellen aus Gelb-, Wei\u00df- oder Ros\u00e9gold und wei\u00dfen Diamanten<\/p>\n","protected":false},"featured_media":30727,"template":"","meta":{"_acf_changed":false},"product_brand":[],"product_cat":[2667,2668,2670],"product_tag":[],"class_list":{"0":"post-30765","1":"product","2":"type-product","3":"status-publish","4":"has-post-thumbnail","6":"product_cat-bracelets-de","7":"product_cat-categories-de","8":"product_cat-flex-it-de","9":"pa_caliber-235-de","10":"pa_caratura-235-de","11":"pa_color-b-de","12":"pa_color-g-de","13":"pa_color-r-de","14":"pa_default_color-r-de","15":"pa_fopecollection-panorama-de","16":"pa_saleable-notsaleable-de","17":"pa_size-l-de","18":"pa_size-m-de","19":"pa_size-s-de","20":"pa_size-xl-de","21":"pa_size-xs-de","23":"first","24":"instock","25":"shipping-taxable","26":"purchasable","27":"product-type-variable"},"acf":[],"_links":{"self":[{"href":"https:\/\/www.fope.com\/de\/wp-json\/wp\/v2\/product\/30765","targetHints":{"allow":["GET"]}}],"collection":[{"href":"https:\/\/www.fope.com\/de\/wp-json\/wp\/v2\/product"}],"about":[{"href":"https:\/\/www.fope.com\/de\/wp-json\/wp\/v2\/types\/product"}],"wp:featuredmedia":[{"embeddable":true,"href":"https:\/\/www.fope.com\/de\/wp-json\/wp\/v2\/media\/30727"}],"wp:attachment":[{"href":"https:\/\/www.fope.com\/de\/wp-json\/wp\/v2\/media?parent=30765"}],"wp:term":[{"taxonomy":"product_brand","embeddable":true,"href":"https:\/\/www.fope.com\/de\/wp-json\/wp\/v2\/product_brand?post=30765"},{"taxonomy":"product_cat","embeddable":true,"href":"https:\/\/www.fope.com\/de\/wp-json\/wp\/v2\/product_cat?post=30765"},{"taxonomy":"product_tag","embeddable":true,"href":"https:\/\/www.fope.com\/de\/wp-json\/wp\/v2\/product_tag?post=30765"}],"curies":[{"name":"wp","href":"https:\/\/api.w.org\/{rel}","templated":true}]}}