{"id":26671,"date":"2024-01-22T10:29:55","date_gmt":"2024-01-22T09:29:55","guid":{"rendered":"https:\/\/fope.noooserver.com\/product\/eau-558-fragrance-100-ml\/"},"modified":"2025-02-12T15:59:25","modified_gmt":"2025-02-12T14:59:25","slug":"eau-558-fragrance-100-ml","status":"publish","type":"product","link":"https:\/\/www.fope.com\/de\/product\/eau-558-fragrance-100-ml\/","title":{"rendered":"EAU 558 FRAGRANCE (100 ml)"},"content":{"rendered":"<p>Unisex-Duft, reich an komplexen, verf\u00fchrerischen Noten von Zitrusfr\u00fcchten und schwarzem Pfeffer, die dann Platz f\u00fcr ein w\u00fcrzig-aromatisches Herz machen und mit warmem Zedernholz enden<\/p>\n","protected":false},"excerpt":{"rendered":"<p>Unisex-Duft, reich an komplexen, verf\u00fchrerischen Noten von Zitrusfr\u00fcchten und schwarzem Pfeffer, die dann Platz f\u00fcr ein w\u00fcrzig-aromatisches Herz machen und mit warmem Zedernholz enden<\/p>\n","protected":false},"featured_media":26659,"template":"","meta":{"_acf_changed":false},"product_brand":[],"product_cat":[2727],"product_tag":[],"class_list":{"0":"post-26671","1":"product","2":"type-product","3":"status-publish","4":"has-post-thumbnail","6":"product_cat-senza-categoria-de","7":"pa_fopecollection-fope-world-de","8":"pa_saleable-saleable-de","10":"first","11":"instock","12":"shipping-taxable","13":"purchasable","14":"product-type-simple"},"acf":[],"_links":{"self":[{"href":"https:\/\/www.fope.com\/de\/wp-json\/wp\/v2\/product\/26671","targetHints":{"allow":["GET"]}}],"collection":[{"href":"https:\/\/www.fope.com\/de\/wp-json\/wp\/v2\/product"}],"about":[{"href":"https:\/\/www.fope.com\/de\/wp-json\/wp\/v2\/types\/product"}],"wp:featuredmedia":[{"embeddable":true,"href":"https:\/\/www.fope.com\/de\/wp-json\/wp\/v2\/media\/26659"}],"wp:attachment":[{"href":"https:\/\/www.fope.com\/de\/wp-json\/wp\/v2\/media?parent=26671"}],"wp:term":[{"taxonomy":"product_brand","embeddable":true,"href":"https:\/\/www.fope.com\/de\/wp-json\/wp\/v2\/product_brand?post=26671"},{"taxonomy":"product_cat","embeddable":true,"href":"https:\/\/www.fope.com\/de\/wp-json\/wp\/v2\/product_cat?post=26671"},{"taxonomy":"product_tag","embeddable":true,"href":"https:\/\/www.fope.com\/de\/wp-json\/wp\/v2\/product_tag?post=26671"}],"curies":[{"name":"wp","href":"https:\/\/api.w.org\/{rel}","templated":true}]}}