{"id":22641,"date":"2024-01-09T17:30:49","date_gmt":"2024-01-09T16:30:49","guid":{"rendered":"https:\/\/fope.noooserver.com\/product\/ring-mit-weisen-und-braunen-diamanten\/"},"modified":"2025-02-12T15:44:36","modified_gmt":"2025-02-12T14:44:36","slug":"ring-mit-weisen-und-braunen-diamanten","status":"publish","type":"product","link":"https:\/\/www.fope.com\/de\/product\/ring-mit-weisen-und-braunen-diamanten\/","title":{"rendered":"71208AX_PW__Ring mit wei\u00dfen und braunen Diamanten"},"content":{"rendered":"<p>Ring aus 18 Karat Ros\u00e9gold mit wei\u00dfen und braunen Diamanten<\/p>\n","protected":false},"excerpt":{"rendered":"<p>Ring aus 18 Karat Ros\u00e9gold mit wei\u00dfen und braunen Diamanten<\/p>\n","protected":false},"featured_media":22547,"template":"","meta":{"_acf_changed":false},"product_brand":[],"product_cat":[7247],"product_tag":[],"class_list":{"0":"post-22641","1":"product","2":"type-product","3":"status-publish","4":"has-post-thumbnail","6":"product_cat-bubble-rings-de","7":"pa_caliber-ct-3-13-de-2","8":"pa_fopecollection-bubble-rings-de","9":"pa_saleable-notsaleable-de","11":"first","12":"instock","13":"shipping-taxable","14":"purchasable","15":"product-type-simple"},"acf":[],"_links":{"self":[{"href":"https:\/\/www.fope.com\/de\/wp-json\/wp\/v2\/product\/22641","targetHints":{"allow":["GET"]}}],"collection":[{"href":"https:\/\/www.fope.com\/de\/wp-json\/wp\/v2\/product"}],"about":[{"href":"https:\/\/www.fope.com\/de\/wp-json\/wp\/v2\/types\/product"}],"wp:featuredmedia":[{"embeddable":true,"href":"https:\/\/www.fope.com\/de\/wp-json\/wp\/v2\/media\/22547"}],"wp:attachment":[{"href":"https:\/\/www.fope.com\/de\/wp-json\/wp\/v2\/media?parent=22641"}],"wp:term":[{"taxonomy":"product_brand","embeddable":true,"href":"https:\/\/www.fope.com\/de\/wp-json\/wp\/v2\/product_brand?post=22641"},{"taxonomy":"product_cat","embeddable":true,"href":"https:\/\/www.fope.com\/de\/wp-json\/wp\/v2\/product_cat?post=22641"},{"taxonomy":"product_tag","embeddable":true,"href":"https:\/\/www.fope.com\/de\/wp-json\/wp\/v2\/product_tag?post=22641"}],"curies":[{"name":"wp","href":"https:\/\/api.w.org\/{rel}","templated":true}]}}