{"id":57914,"date":"2025-09-12T13:17:51","date_gmt":"2025-09-12T11:17:51","guid":{"rendered":"https:\/\/www.fope.com\/white-gold-bracelets\/"},"modified":"2025-11-19T08:50:58","modified_gmt":"2025-11-19T07:50:58","slug":"weissgold-armbander","status":"publish","type":"page","link":"https:\/\/www.fope.com\/de\/weissgold-armbander\/","title":{"rendered":"Armb\u00e4nder aus Wei\u00dfgold"},"content":{"rendered":"    <div class=\"parallax-top w-100\">\n\n                <img decoding=\"async\" class=\"img-fluid w-100\" src=\"https:\/\/www.fope.com\/wp-content\/uploads\/2025\/09\/MH-2d-scaled.jpg\" alt=\"https:\/\/www.fope.com\/wp-content\/uploads\/2025\/09\/MH-2d-scaled.jpg\" \/>\n    \n        <h1 class=\"parallax-top__title col-lg-16 \" style=\"color:#ffffff;\" >\n        <div class=\"site-breadcrumb position-absolute\" style=\"color:#ffffff;\">\n            <nav aria-label=\"breadcrumbs\" class=\"rank-math-breadcrumb\"><p><span class=\"last\">Home<\/span><\/p><\/nav>        <\/div>\n        Armb\u00e4nder aus Wei\u00dfgold            <\/h1>\n\n    <\/div>\n<style>\n    .parallax-top__title .site-breadcrumb a {\n        color: #ffffff;\n    }\n<\/style>\n\n\n<div class=\"jd-block\" >\n    <div class=\"container-fluid\">\n                <div class=\"row justify-content-center\">\n            <div class=\"cols col-lg-24 text-center\">\n                                <div class=\"jd-block__text jd-block__text--huge\">\n                    <p>Vollst\u00e4ndig aus 18-Karat-Gold gefertigt, flexibles Mesh ohne Verschluss.<\/p>\n                <\/div>\n            <\/div>\n        <\/div>\n    <\/div>\n<\/div>\n\n\n<div class=\"jd-block\" >\n    <div class=\"container-fluid\">\n                <div class=\"row justify-content-center\">\n            <div class=\"cols col-lg-14\">\n                                <div class=\"jd-block__text jd-block__text\">\n                    <p>Armb\u00e4nder aus Wei\u00dfgold vereinen zeitlose Eleganz mit vielseitigem Design. Perfekt f\u00fcr Damen und Herren, sind sie in raffinierten Ausf\u00fchrungen mit Diamanten oder anderen Edelsteinen erh\u00e4ltlich. Alle FOPE-Armb\u00e4nder k\u00f6nnen einzeln getragen oder mit anderen kombiniert werden \u2013 f\u00fcr einen modernen, ausdrucksstarken Look.<\/p>\n<p>&nbsp;<\/p>\n<p style=\"text-align: center\"><a class=\"cta--1\" href=\"\/\/www.fope.com\/de\/kategorien\/armbander\/?v=0d149b90e739;\">Entdecken Sie die Armb\u00e4nder<\/a><\/p>\n                <\/div>\n            <\/div>\n        <\/div>\n    <\/div>\n<\/div>\n\n\n<div class=\"jd-block\">\n    <div class=\"container-fluid\">\n        <div class=\"row justify-content-center\">\n        \n                            <div class=\"col-lg-14 p-mobile-zero\">\n                    <div class=\"jd-block__carousel\">\n                        <div class=\"splide__track\">\n                            <div class=\"splide__list\">\n                                <div class=\"splide__slide \">\n                                    <div class=\"jd-block__image\">\n                                        <img decoding=\"async\" src=\"https:\/\/www.fope.com\/wp-content\/uploads\/2025\/09\/260_FOPE_525BBBRN_BIANCO_006-scaled.jpg\" alt=\"https:\/\/www.fope.com\/wp-content\/uploads\/2025\/09\/260_FOPE_525BBBRN_BIANCO_006-scaled.jpg\" class=\"img-fluid w-100\">\n                                                                            <\/div>\n                                <\/div>\n                                <div class=\"splide__slide \">\n                                    <div class=\"jd-block__image\">\n                                        <img decoding=\"async\" src=\"https:\/\/www.fope.com\/wp-content\/uploads\/2025\/09\/279_FOPE_BR730BBR_BIANCO_007-scaled.jpg\" alt=\"https:\/\/www.fope.com\/wp-content\/uploads\/2025\/09\/279_FOPE_BR730BBR_BIANCO_007-scaled.jpg\" class=\"img-fluid w-100\">\n                                                                            <\/div>\n                                <\/div>\n                            <\/div>\n                        <\/div>\n                    <\/div>\n                <\/div>\n            \n        \n\n\n\n\n\n        <\/div>\n    <\/div>\n<\/div>\n\n\n<div class=\"jd-block\"   >\n    <div class=\"container-fluid\">\n        <div class=\"row justify-content-center\">\n            <div class=\"col text-center\">\n                                <h2 class=\"flag-storelocator__title\">W\u00e4hlen Sie die Wei\u00dfgold-Version Ihres Lieblingsst\u00fccks<\/h2>\n                <a href=\"https:\/\/www.fope.com\/de\/kategorien\/armbander\/?v=0d149b90e739\" class=\"flag-storelocator__cta\">Entdecken Sie alle Armb\u00e4nder <svg xmlns=\"http:\/\/www.w3.org\/2000\/svg\" width=\"11\" height=\"8\" viewBox=\"0 0 11 8\"><path fill=\"#89af80\" fill-rule=\"nonzero\" d=\"m7.288 7.877 3.442-3.442a.5.5 0 0 0 0-.707L7.288.286l-.707.707L9.17 3.58H.714v1H9.17L6.581 7.17l.707.707Z\"\/><\/svg><\/a>\n            <\/div>\n        <\/div>\n    <\/div>\n<\/div>\n","protected":false},"excerpt":{"rendered":"","protected":false},"author":1,"featured_media":0,"parent":0,"menu_order":0,"comment_status":"closed","ping_status":"closed","template":"","meta":{"_acf_changed":false,"footnotes":""},"class_list":["post-57914","page","type-page","status-publish","hentry"],"acf":[],"_links":{"self":[{"href":"https:\/\/www.fope.com\/de\/wp-json\/wp\/v2\/pages\/57914","targetHints":{"allow":["GET"]}}],"collection":[{"href":"https:\/\/www.fope.com\/de\/wp-json\/wp\/v2\/pages"}],"about":[{"href":"https:\/\/www.fope.com\/de\/wp-json\/wp\/v2\/types\/page"}],"author":[{"embeddable":true,"href":"https:\/\/www.fope.com\/de\/wp-json\/wp\/v2\/users\/1"}],"replies":[{"embeddable":true,"href":"https:\/\/www.fope.com\/de\/wp-json\/wp\/v2\/comments?post=57914"}],"version-history":[{"count":3,"href":"https:\/\/www.fope.com\/de\/wp-json\/wp\/v2\/pages\/57914\/revisions"}],"predecessor-version":[{"id":57918,"href":"https:\/\/www.fope.com\/de\/wp-json\/wp\/v2\/pages\/57914\/revisions\/57918"}],"wp:attachment":[{"href":"https:\/\/www.fope.com\/de\/wp-json\/wp\/v2\/media?parent=57914"}],"curies":[{"name":"wp","href":"https:\/\/api.w.org\/{rel}","templated":true}]}}