{"id":56813,"date":"2025-09-30T12:05:43","date_gmt":"2025-09-30T10:05:43","guid":{"rendered":"https:\/\/www.fope.com\/?page_id=56813"},"modified":"2025-09-30T12:05:43","modified_gmt":"2025-09-30T10:05:43","slug":"privacy-policy-2","status":"publish","type":"page","link":"https:\/\/www.fope.com\/de\/privacy-policy-2\/","title":{"rendered":"Privacy Policy"},"content":{"rendered":"<div class=\"jd-block mt-5 pb-0\" >\n    <div class=\"container-fluid\">\n                <div class=\"row justify-content-center\">\n            <div class=\"cols col-lg-24 text-center\">\n                                    <h4 class=\"text-center jd-block__title--big\">Privacy Policy<\/h4>\n                                <div class=\"jd-block__text jd-block__text--huge\">\n                                    <\/div>\n            <\/div>\n        <\/div>\n    <\/div>\n<\/div>\n\n\n<div class=\"jd-block pt-4\" >\n    <div class=\"container-fluid\">\n                <div class=\"row justify-content-center\">\n            <div class=\"cols col-lg-14\">\n                                <div class=\"jd-block__text jd-block__text\">\n                    <h3 class=\"info\">INFORMATIONEN GEM\u00c4SS ARTIKEL 13 DER EUROP\u00c4ISCHEN VERORDNUNG Nr. 2016\/679 (Datenschutz-Grundverordnung)<\/h3>\n<ol>\n<li><strong>Verantwortlicher f\u00fcr die Datenverarbeitung<\/strong><\/li>\n<\/ol>\n<p>Verantwortlicher f\u00fcr die Datenverarbeitung ist FOPE S.p.A. (P.IVA 00163880248), in der Person seines gesetzlichen Vertreters pro tempore, mit Sitz in Vicenza, via Giuseppe Zampieri 31, www.fope.com, im Folgenden \u201eVerantwortlicher f\u00fcr die Datenverarbeitung\u201c genannt.<\/p>\n<p>Der Verantwortliche f\u00fcr die Datenverarbeitung beabsichtigt, der betroffenen Person umfassende Informationen \u00fcber die Zwecke und Methoden der Verarbeitung personenbezogener Daten bereitzustellen.<\/p>\n<ol start=\"2\">\n<li><strong>Modalit\u00e4ten der Verarbeitung personenbezogener Daten<\/strong><\/li>\n<\/ol>\n<p>Personenbezogene Daten (z. B. pers\u00f6nliche Angaben, Telefonnummer, E-Mail-Adresse usw.) werden computergest\u00fctzt oder in jedem Fall mit Hilfe computergest\u00fctzter oder automatisierter Tools verarbeitet und in die entsprechenden Datenbanken eingegeben, auf die die f\u00fcr die Datenverarbeitung Verantwortlichen unter Einhaltung der Sicherheitsma\u00dfnahmen und in jedem Fall in einer Weise zugreifen k\u00f6nnen, die die Integrit\u00e4t, Sicherheit und Vertraulichkeit der Daten gew\u00e4hrleistet. Die Verarbeitung kann auch von Dritten durchgef\u00fchrt werden, die spezifische Verarbeitungs-, Verwaltungs- oder Instrumentendienste erbringen, die zur Erreichung der unten genannten Zwecke erforderlich sind.<\/p>\n<ol start=\"3\">\n<li><strong>Zweck der Verarbeitung<\/strong><\/li>\n<\/ol>\n<p>Der Verantwortliche verarbeitet Ihre personenbezogenen Daten zu folgenden Zwecken:<\/p>\n<ul>\n<li>Durchf\u00fchrung vertraglicher und vorvertraglicher T\u00e4tigkeiten<\/li>\n<li>Erf\u00fcllung steuerlicher oder rechtlicher Verpflichtungen<\/li>\n<li>Versand von Newslettern zu Informations- und Werbezwecken;<\/li>\n<\/ul>\n<p>Personenbezogene Daten werden au\u00dferdem ausschlie\u00dflich zu Zwecken verarbeitet, die eng mit der Erf\u00fcllung der Verpflichtungen im Zusammenhang mit den vorgenannten Punkten verbunden und dazu f\u00f6rderlich sind.<\/p>\n<p>Die von Ihnen erteilte Einwilligung ist die Rechtsgrundlage f\u00fcr die Verarbeitung gem\u00e4\u00df Art. 13(1)(c) der DSGVO.<\/p>\n<ol start=\"4\">\n<li><strong>Art der \u00dcbermittlung<\/strong><\/li>\n<\/ol>\n<p>Die Bereitstellung Ihrer Daten zu den in den Punkten 1) und 2) des Artikels 3 genannten Zwecken erfordert keine formelle Einwilligung, da sie f\u00fcr jede vertragliche oder vorvertragliche Beziehung vorab und unerl\u00e4sslich ist.<\/p>\n<p>Die Bereitstellung Ihrer Daten f\u00fcr die in Punkt 3) von Art. 3 genannten Zwecke ist fakultativ und erfordert Ihre ausdr\u00fcckliche Zustimmung. Die Nichterteilung der Zustimmung hat nur die unten beschriebenen Folgen: die Unm\u00f6glichkeit, Newsletter zu Informations- und Werbezwecken zu versenden.<\/p>\n<p>Wenn Sie dem Inhaber Ihre ausdr\u00fcckliche Zustimmung erteilt haben, die in Punkt 3) von Art. 3 genannten Zwecke zu verfolgen, steht es Ihnen in jedem Fall frei, diese jederzeit zu widerrufen, indem Sie eine entsprechende Mitteilung ohne Formalit\u00e4ten an die E-Mail-Adresse privacy@fope.com senden. Nach Erhalt dieser Opt-out-Anfrage wird der Datenverantwortliche die Daten unverz\u00fcglich aus den f\u00fcr die Verarbeitung zum Zwecke des Newsletterversands verwendeten Datenbanken entfernen und l\u00f6schen und etwaige Dritte, denen die Daten \u00fcbermittelt wurden, zu denselben Zwecken \u00fcber die L\u00f6schung informieren. Der blo\u00dfe Erhalt der L\u00f6schungsanfrage gilt automatisch als Best\u00e4tigung der erfolgreichen L\u00f6schung.<\/p>\n<ol start=\"5\">\n<li><strong>Empf\u00e4nger oder Kategorie von Empf\u00e4ngern personenbezogener Daten<\/strong><\/li>\n<\/ol>\n<p>Die von Ihnen f\u00fcr die oben beschriebenen Zwecke bereitgestellten personenbezogenen Daten k\u00f6nnen an Mitarbeiter und\/oder Mitarbeiter des Datenverantwortlichen weitergegeben und an folgende Parteien \u00fcbermittelt werden:<\/p>\n<ol>\n<li>Drittunternehmen, die m\u00f6glicherweise vom Datenverantwortlichen ernannt werden, um die von diesem \u00fcbernommenen Verpflichtungen zur Durchf\u00fchrung der Verarbeitung zu erf\u00fcllen, die f\u00fcr die in den Punkten 1) und 2) von Art. 3 genannten Zwecke vorgesehen ist;<br \/>\nalle Parteien (einschlie\u00dflich Beh\u00f6rden), die aufgrund von Regulierungs- oder Verwaltungsvorschriften das Recht auf Zugriff auf die Daten haben;<\/li>\n<li>Drittunternehmen, die wesentliche Unterst\u00fctzungsdienste f\u00fcr die Verarbeitung bereitstellen und direkten oder indirekten Zugriff auf Ihre Daten haben;<\/li>\n<li>Drittunternehmen, die vom Datenverantwortlichen f\u00fcr die Verarbeitung der Daten gem\u00e4\u00df den in Punkt 3) von Art. 3 genannten Zwecken ernannt wurden.<\/li>\n<li>Alle Mitarbeiter oder Lieferanten, die vom Datenverantwortlichen f\u00fcr die Verarbeitung Ihrer personenbezogenen Daten eingesetzt werden, wurden angemessen und rechtlich bevollm\u00e4chtigt und f\u00fcr die ihnen zugewiesenen Methoden und Zwecke der Verarbeitung verantwortlich gemacht und handeln in \u00dcbereinstimmung mit diesen Informationen.<\/li>\n<\/ol>\n<p>Die von Ihnen f\u00fcr die oben beschriebenen Zwecke bereitgestellten personenbezogenen Daten k\u00f6nnen an Handelspartner f\u00fcr die Datenverarbeitung gem\u00e4\u00df den in Punkt 3) von Art. 3 genannten Zwecken weitergegeben werden.<\/p>\n<p>Die von Ihnen bereitgestellten und anschlie\u00dfend im Zusammenhang mit der Verwaltung des Dienstes verarbeiteten personenbezogenen Daten unterliegen nicht der Weitergabe.<\/p>\n<p>F\u00fcr die unter den Punkten a), c) und d) genannten Themen wird nur die Kategorie der Empf\u00e4nger angegeben, da diese h\u00e4ufigen Aktualisierungen und \u00dcberarbeitungen unterliegt. Daher k\u00f6nnen die interessierten Parteien die aktualisierte Liste der Empf\u00e4nger anfordernindem Sie den Verantwortlichen \u00fcber die in Art. 1 dieser Informationsmitteilung angegebenen Kan\u00e4le kontaktieren.<\/p>\n<ol start=\"6\">\n<li><strong>Aufbewahrungsfristen f\u00fcr Daten<\/strong><\/li>\n<\/ol>\n<p>Ihre personenbezogenen Daten werden f\u00fcr die in den einschl\u00e4gigen Rechtsvorschriften festgelegten Zeitr\u00e4ume gespeichert, die im Folgenden gem\u00e4\u00df Art. 13, Absatz 2, Buchstabe a) DSGVO angegeben sind:<\/p>\n<ul>\n<li>f\u00fcr die in den Punkten 1), 2) von Art. 3 angegebenen Zwecke f\u00fcr die in den geltenden Gesetzen vorgeschriebenen Zeitr\u00e4ume und in jedem Fall f\u00fcr einen Zeitraum von mindestens 10 (zehn) Jahren<\/li>\n<li>f\u00fcr die in den Punkten 3) von Art. 3 angegebenen Zwecke. 3 f\u00fcr 2 (zwei) Jahre ab dem Zeitpunkt der Einwilligung zur Verarbeitung.<\/li>\n<\/ul>\n<ol start=\"7\">\n<li><strong>Aus\u00fcbung der Rechte durch die betroffene Person<\/strong><\/li>\n<\/ol>\n<p>Gem\u00e4\u00df Artikel 13 Absatz 2 Buchstaben b) und d), 15, 18, 19 und 21 der DSGVO wird die betroffene Person dar\u00fcber informiert, dass sie das Recht hat:<\/p>\n<ol>\n<li>Zugriff auf personenbezogene Daten: Best\u00e4tigung dar\u00fcber zu erhalten, ob Sie betreffende Daten verarbeitet werden oder nicht, und, falls dies der Fall ist, Zugriff auf folgende Informationen: die Zwecke, die Datenkategorien, die Empf\u00e4nger, die Aufbewahrungsfrist, das Recht, bei einer Aufsichtsbeh\u00f6rde Beschwerde einzulegen, das Recht, eine Berichtigung oder L\u00f6schung oder Einschr\u00e4nkung der Verarbeitung zu verlangen oder der Verarbeitung selbst zu widersprechen, sowie das Vorhandensein eines automatisierten Entscheidungsprozesses;<\/li>\n<li>Antrag auf Berichtigung oder L\u00f6schung derselben oder Einschr\u00e4nkung der Sie betreffenden Verarbeitung; \u201eEinschr\u00e4nkung\u201c bezeichnet die Markierung gespeicherter Daten mit dem Ziel, ihre k\u00fcnftige Verarbeitung einzuschr\u00e4nken;<\/li>\n<li>Widerspruch gegen die Verarbeitung: aus Gr\u00fcnden, die mit Ihrer besonderen Situation zusammenh\u00e4ngen, Widerspruch gegen die Verarbeitung von Daten zur Erf\u00fcllung einer Aufgabe im \u00f6ffentlichen Interesse oder zur Verfolgung eines berechtigten Interesses des Datenverantwortlichen einlegen;<\/li>\n<li>Daten\u00fcbertragbarkeit: im Falle einer automatisierten Verarbeitung auf der Grundlage einer Einwilligung oder zur Erf\u00fcllung eines Vertrags das Recht, die Sie betreffenden Daten in einem strukturierten, allgemein verwendeten und maschinenlesbaren Format zu erhalten; insbesondere werden Ihnen die Daten vom Datenverantwortlichen im XML-Format bereitgestellt;<\/li>\n<li>Widerruf der Einwilligung zur Verarbeitung f\u00fcr direkte und indirekte Marketingzwecke, Marktforschung und Profilerstellung; die Aus\u00fcbung dieses Rechts ber\u00fchrt in keiner Weise die Rechtm\u00e4\u00dfigkeit der vor dem Widerruf durchgef\u00fchrten Verarbeitung;<\/li>\n<li>Einreichen einer Beschwerde gem\u00e4\u00df Art. 77 DSGVO bei der zust\u00e4ndigen Aufsichtsbeh\u00f6rde basierend auf Ihrem gew\u00f6hnlichen Wohnsitz, Arbeitsplatz oder Ort der Verletzung Ihrer Rechte; f\u00fcr Italien ist die zust\u00e4ndige Beh\u00f6rde der Garant f\u00fcr den Schutz personenbezogener Daten, der \u00fcber die auf der Website http:\/\/www.garanteprivacy.it angegebenen Kontaktdaten kontaktiert werden kann.<\/li>\n<\/ol>\n<p>Die oben genannten Rechte k\u00f6nnen ausge\u00fcbt werden, indem Sie eine spezielle Anfrage an den Datenverantwortlichen \u00fcber die in Art. 1 dieser Informationen angegebenen Kontaktkan\u00e4le senden.<\/p>\n<p>Anfragen im Zusammenhang mit der Aus\u00fcbung Ihrer Rechte werden ohne unangemessene Verz\u00f6gerung und in jedem Fall innerhalb eines Monats nach der Anfrage bearbeitet; nur in F\u00e4llen besonderer Komplexit\u00e4t und Anzahl der Anfragen kann diese Frist um weitere 2 (zwei) Monate verl\u00e4ngert werden. Die Aus\u00fcbung der Rechte unterliegt keinen formellen Einschr\u00e4nkungen und ist kostenlos. Die E-Mail-Adresse f\u00fcr die Aus\u00fcbung Ihrer Rechte lautet privacy@fope.com.<\/p>\n<p>\u201eDatenschutzbeauftragter (DPO)\u201c<\/p>\n<p>Der Datenverantwortliche hat den Datenschutzbeauftragten \u2013 den sogenannten Datenschutzbeauftragten oder \u201eDPO\u201c \u2013 gem\u00e4\u00df Art. 37 DSGVO ernannt, das Unternehmen Top Management Consulting Srl, in der Person des gesetzlichen Vertreters Eng. Maurizio Squaiella, mit Sitz in 36100 Vicenza, Via Divisione Folgore n. 7, Int. 11, Steuernummer 03947550244, der f\u00fcr alle Informationen und\/oder Anfragen per E-Mail an privacy@fope.com kontaktiert werden kann.<\/p>\n<div id=\"cookiefirst-policy-page\"><\/div>\n                <\/div>\n            <\/div>\n        <\/div>\n    <\/div>\n<\/div>\n","protected":false},"excerpt":{"rendered":"","protected":false},"author":291,"featured_media":0,"parent":0,"menu_order":0,"comment_status":"closed","ping_status":"open","template":"","meta":{"_acf_changed":false,"footnotes":""},"class_list":["post-56813","page","type-page","status-publish","hentry"],"acf":[],"_links":{"self":[{"href":"https:\/\/www.fope.com\/de\/wp-json\/wp\/v2\/pages\/56813","targetHints":{"allow":["GET"]}}],"collection":[{"href":"https:\/\/www.fope.com\/de\/wp-json\/wp\/v2\/pages"}],"about":[{"href":"https:\/\/www.fope.com\/de\/wp-json\/wp\/v2\/types\/page"}],"author":[{"embeddable":true,"href":"https:\/\/www.fope.com\/de\/wp-json\/wp\/v2\/users\/291"}],"replies":[{"embeddable":true,"href":"https:\/\/www.fope.com\/de\/wp-json\/wp\/v2\/comments?post=56813"}],"version-history":[{"count":1,"href":"https:\/\/www.fope.com\/de\/wp-json\/wp\/v2\/pages\/56813\/revisions"}],"predecessor-version":[{"id":56817,"href":"https:\/\/www.fope.com\/de\/wp-json\/wp\/v2\/pages\/56813\/revisions\/56817"}],"wp:attachment":[{"href":"https:\/\/www.fope.com\/de\/wp-json\/wp\/v2\/media?parent=56813"}],"curies":[{"name":"wp","href":"https:\/\/api.w.org\/{rel}","templated":true}]}}