{"id":36281,"date":"2024-10-29T12:38:23","date_gmt":"2024-10-29T11:38:23","guid":{"rendered":"https:\/\/www.fope.com\/size-guide\/"},"modified":"2024-12-02T14:52:51","modified_gmt":"2024-12-02T13:52:51","slug":"size-guide","status":"publish","type":"page","link":"https:\/\/www.fope.com\/de\/size-guide\/","title":{"rendered":"Size guide"},"content":{"rendered":"<div class=\"jd-block pb-0 mt-5\" >\n    <div class=\"container-fluid\">\n                <div class=\"row justify-content-center\">\n            <div class=\"cols col-lg-24 text-center\">\n                                    <h4 class=\"text-center jd-block__title--big\">Size guide<\/h4>\n                                <div class=\"jd-block__text jd-block__text--huge\">\n                                    <\/div>\n            <\/div>\n        <\/div>\n    <\/div>\n<\/div>\n\n\n<div class=\"jd-block pt-4\" >\n    <div class=\"container-fluid\">\n                <div class=\"row \">\n            <div class=\"cols col-lg-24\">\n                                <div class=\"jd-block__text jd-block__text\">\n                    <h3 style=\"text-align: center\">Wie man die richtige Gr\u00f6\u00dfe w\u00e4hlt<\/h3>\n<p>Die Art und Weise, wie ein Schmuckst\u00fcck getragen wird, hat viel mit Pers\u00f6nlichkeit, Geschmack und Komfort zu tun. Obwohl die Schmuckst\u00fccke von FOPE im Allgemeinen besonders bequem sind, variiert die Passform je nach Modell. Wenn es also nicht m\u00f6glich ist, den Schmuck im Gesch\u00e4ft anzuprobieren, empfehlen wir, die Gr\u00f6\u00dfentabelle zu konsultieren.<\/p>\n<p>&nbsp;<\/p>\n<h3 style=\"text-align: center\">FLEX&#8217;IT ARMB\u00c4NDER<\/h3>\n<p>Die flexiblen Armb\u00e4nder haben keinen Verschluss, denn sie werden durch Hunderte von winzigen 18-kar\u00e4tigen Goldfedern der Flex&#8217;it-Technologie elastisch gemacht. Sie sind praktisch und bequem und k\u00f6nnen einfach \u00fcber das Handgelenk gestreift werden. Um die richtige Gr\u00f6\u00dfe zu finden, messen Sie einfach den Umfang Ihres Handgelenks mit einem Ma\u00dfband, einem Faden, einem Papier- oder Stoffstreifen und vergleichen Sie das erhaltene Ma\u00df mit den Angaben in der nachstehenden Tabelle.<\/p>\n                <\/div>\n            <\/div>\n        <\/div>\n    <\/div>\n<\/div>\n\n\n\n<figure class=\"wp-block-table\"><table><tbody><tr><th>GR\u00d6\u00dfE<\/th><th>XS<\/th><th>S<\/th><th>M<\/th><th>L<\/th><th>XL<\/th><\/tr><tr><td>HANDGELENKUMFANG MESSEN<\/td><td>15<\/td><td>16<\/td><td>17<\/td><td>18<\/td><td>19<\/td><\/tr><\/tbody><\/table><\/figure>\n\n\n<div class=\"jd-block pt-0 pb-0\" >\n    <div class=\"container-fluid\">\n                <div class=\"row \">\n            <div class=\"cols col-lg-24\">\n                                <div class=\"jd-block__text jd-block__text\">\n                    <h5>Der Durchmesser des Armbands l\u00e4sst sich um bis zu 30 % erweitern und die Flexibilit\u00e4t des Armbands erm\u00f6glicht ein einfaches Tragen: Einfach \u00fcber die Finger bis zum Handgelenk st\u00fclpen. Das ist alles, was Sie tun m\u00fcssen.<\/h5>\n                <\/div>\n            <\/div>\n        <\/div>\n    <\/div>\n<\/div>\n\n\n<div class=\"jd-block pb-5\" >\n    <div class=\"container-fluid\">\n                <div class=\"row \">\n            <div class=\"cols col-lg-24\">\n                                <div class=\"jd-block__text jd-block__text\">\n                    <h3 style=\"text-align: center\">KLASSISCHE RINGE<\/h3>\n<p>Um die richtige Gr\u00f6\u00dfe zu finden, nehmen Sie einen Ring, den Sie bereits regelm\u00e4\u00dfig tragen, und vergleichen Sie seinen Durchmesser mit den Angaben in der nachstehenden Tabelle.<\/p>\n                <\/div>\n            <\/div>\n        <\/div>\n    <\/div>\n<\/div>\n\n\n\n<figure class=\"wp-block-table pb-5\"><table><tbody><tr><th>RINGGR\u00d6\u00dfEN<\/th><td class=\"has-text-align-center\" data-align=\"center\">12<\/td><td class=\"has-text-align-center\" data-align=\"center\">13<\/td><td class=\"has-text-align-center\" data-align=\"center\">14<\/td><td class=\"has-text-align-center\" data-align=\"center\">15<\/td><td class=\"has-text-align-center\" data-align=\"center\">16<\/td><td class=\"has-text-align-center\" data-align=\"center\">17<\/td><td class=\"has-text-align-center\" data-align=\"center\">18<\/td><td class=\"has-text-align-center\" data-align=\"center\">19<\/td><td class=\"has-text-align-center\" data-align=\"center\">20<\/td><\/tr><\/tbody><\/table><\/figure>\n\n\n\n<figure class=\"wp-block-table pb-5\"><table><tbody><tr><th class=\"has-text-align-center\" data-align=\"center\">Standard ITA<\/th><th class=\"has-text-align-center\" data-align=\"center\">Standard FR e DE<\/th><th class=\"has-text-align-center\" data-align=\"center\">Standard USA<\/th><th class=\"has-text-align-center\" data-align=\"center\">Standard UK<\/th><\/tr><tr><td class=\"has-text-align-center\" data-align=\"center\">12<\/td><td class=\"has-text-align-center\" data-align=\"center\">52<\/td><td class=\"has-text-align-center\" data-align=\"center\">6 1\/4<\/td><td class=\"has-text-align-center\" data-align=\"center\">M<\/td><\/tr><tr><td class=\"has-text-align-center\" data-align=\"center\">13<\/td><td class=\"has-text-align-center\" data-align=\"center\">53<\/td><td class=\"has-text-align-center\" data-align=\"center\">6 1\/2<\/td><td class=\"has-text-align-center\" data-align=\"center\">N<\/td><\/tr><tr><td class=\"has-text-align-center\" data-align=\"center\">14<\/td><td class=\"has-text-align-center\" data-align=\"center\">54<\/td><td class=\"has-text-align-center\" data-align=\"center\">7<\/td><td class=\"has-text-align-center\" data-align=\"center\">O<\/td><\/tr><tr><td class=\"has-text-align-center\" data-align=\"center\">15<\/td><td class=\"has-text-align-center\" data-align=\"center\">55<\/td><td class=\"has-text-align-center\" data-align=\"center\">7 1\/4<\/td><td class=\"has-text-align-center\" data-align=\"center\">0-1\/2<\/td><\/tr><tr><td class=\"has-text-align-center\" data-align=\"center\">16<\/td><td class=\"has-text-align-center\" data-align=\"center\">56<\/td><td class=\"has-text-align-center\" data-align=\"center\">7 1\/2<\/td><td class=\"has-text-align-center\" data-align=\"center\">P<\/td><\/tr><tr><td class=\"has-text-align-center\" data-align=\"center\">17<\/td><td class=\"has-text-align-center\" data-align=\"center\">57<\/td><td class=\"has-text-align-center\" data-align=\"center\">8<\/td><td class=\"has-text-align-center\" data-align=\"center\">Q<\/td><\/tr><tr><td class=\"has-text-align-center\" data-align=\"center\">18<\/td><td class=\"has-text-align-center\" data-align=\"center\">58<\/td><td class=\"has-text-align-center\" data-align=\"center\">8 1\/4<\/td><td class=\"has-text-align-center\" data-align=\"center\">Q-1\/2<\/td><\/tr><tr><td class=\"has-text-align-center\" data-align=\"center\">19<\/td><td class=\"has-text-align-center\" data-align=\"center\">59<\/td><td class=\"has-text-align-center\" data-align=\"center\">8 1\/2<\/td><td class=\"has-text-align-center\" data-align=\"center\">R<\/td><\/tr><tr><td class=\"has-text-align-center\" data-align=\"center\">20<\/td><td class=\"has-text-align-center\" data-align=\"center\">60<\/td><td class=\"has-text-align-center\" data-align=\"center\">9<\/td><td class=\"has-text-align-center\" data-align=\"center\">S<\/td><\/tr><\/tbody><\/table><\/figure>\n\n\n\n<figure class=\"wp-block-image size-large wp-block-c\"><img loading=\"lazy\" decoding=\"async\" width=\"1024\" height=\"376\" src=\"https:\/\/www.fope.com\/wp-content\/uploads\/2024\/11\/20241111_FOPE_Asset_Anelli_DE-1024x376.jpg\" alt=\"\" class=\"wp-image-36452\" srcset=\"https:\/\/www.fope.com\/wp-content\/uploads\/2024\/11\/20241111_FOPE_Asset_Anelli_DE-1024x376.jpg 1024w, https:\/\/www.fope.com\/wp-content\/uploads\/2024\/11\/20241111_FOPE_Asset_Anelli_DE-300x110.jpg 300w, https:\/\/www.fope.com\/wp-content\/uploads\/2024\/11\/20241111_FOPE_Asset_Anelli_DE-768x282.jpg 768w, https:\/\/www.fope.com\/wp-content\/uploads\/2024\/11\/20241111_FOPE_Asset_Anelli_DE-1536x563.jpg 1536w, https:\/\/www.fope.com\/wp-content\/uploads\/2024\/11\/20241111_FOPE_Asset_Anelli_DE-500x183.jpg 500w, https:\/\/www.fope.com\/wp-content\/uploads\/2024\/11\/20241111_FOPE_Asset_Anelli_DE-800x293.jpg 800w, https:\/\/www.fope.com\/wp-content\/uploads\/2024\/11\/20241111_FOPE_Asset_Anelli_DE.jpg 1772w\" sizes=\"auto, (max-width: 1024px) 100vw, 1024px\" \/><\/figure>\n\n\n\n<p class=\"has-text-align-right ps-3 pe-3 text-uppercase\"><a href=\"https:\/\/www.fope.com\/wp-content\/uploads\/2024\/12\/20241202_FOPE_Klassische_ringe_DE.pdf\" target=\"_blank\" rel=\"noreferrer noopener\">Herunterladen und drucken<\/a><\/p>\n\n\n<div class=\"jd-block pb-5\" >\n    <div class=\"container-fluid\">\n                <div class=\"row \">\n            <div class=\"cols col-lg-24\">\n                                <div class=\"jd-block__text jd-block__text\">\n                    <h3 style=\"text-align: center\">FLEX&#8217;IT RINGE<\/h3>\n<p>Wie die Armb\u00e4nder werden auch die flexiblen Ringe durch Hunderte von winzigen, in das Geflecht eingebetteten Federn aus 18-kar\u00e4tigem Gold elastisch. Dank der Flex&#8217;it-Technologie sind die Ringe bequem und anpassungsf\u00e4hig und lassen sich leicht von Finger zu Finger wechseln. Um die richtige Gr\u00f6\u00dfe zu ermitteln, nehmen Sie einen Ring, den Sie bereits tragen, und vergleichen Sie seinen Durchmesser mit den Angaben in der nachstehenden Tabelle. Die flexiblen Ringe haben eine gro\u00dfz\u00fcgige Passform: zwischen zwei Gr\u00f6\u00dfen empfehlen wir, die kleinere zu w\u00e4hlen.<\/p>\n                <\/div>\n            <\/div>\n        <\/div>\n    <\/div>\n<\/div>\n\n\n\n<figure class=\"wp-block-table\"><table><tbody><tr><th>GR\u00d6\u00dfE<\/th><th>XS<\/th><th>S<\/th><th>M<\/th><th>L<\/th><th>XL<\/th><\/tr><tr><td>RINGGR\u00d6\u00dfEN<\/td><td>6 &#8211; 9<\/td><td>10 &#8211; 13<\/td><td>14 &#8211; 17<\/td><td>18 &#8211; 21<\/td><td>22 &#8211; 25<\/td><\/tr><\/tbody><\/table><\/figure>\n\n\n<div class=\"jd-block pt-0\" >\n    <div class=\"container-fluid\">\n                <div class=\"row \">\n            <div class=\"cols col-lg-24\">\n                                <div class=\"jd-block__text jd-block__text\">\n                    <h5>Um den richtigen Ring f\u00fcr Sie auszuw\u00e4hlen, denken Sie daran, dass Flex\u2019it-Ringe eine gro\u00dfz\u00fcgige Passform haben. Wenn Sie nicht sicher sind, welche Gr\u00f6\u00dfe Sie zwischen zwei Gr\u00f6\u00dfen w\u00e4hlen sollen, w\u00e4hlen Sie die kleinere der beiden.<\/h5>\n                <\/div>\n            <\/div>\n        <\/div>\n    <\/div>\n<\/div>\n\n\n<div class=\"jd-block pb-4\" >\n    <div class=\"container-fluid\">\n                <div class=\"row \">\n            <div class=\"cols col-lg-24\">\n                                <div class=\"jd-block__text jd-block__text\">\n                    <h3 style=\"text-align: center\">HALSKETTEN<\/h3>\n<p>Die Passform von Halsketten h\u00e4ngt von der Gr\u00f6\u00dfe und dem K\u00f6rperbau derjenigen ab, die sie tragen. Um eine Vorstellung davon zu bekommen, wie die verschiedenen L\u00e4ngen ausfallen, verwenden Sie das Bild als Referenz.<\/p>\n                <\/div>\n            <\/div>\n        <\/div>\n    <\/div>\n<\/div>\n\n\n\n<figure class=\"wp-block-image aligncenter size-full wp-block-c pb-5 col-lg-12 ms-auto me-auto\"><img loading=\"lazy\" decoding=\"async\" width=\"1500\" height=\"1875\" src=\"https:\/\/www.fope.com\/wp-content\/uploads\/2024\/11\/20241106_FOPE_Asset_Collane_Size_Guide.jpg\" alt=\"\" class=\"wp-image-36272\" srcset=\"https:\/\/www.fope.com\/wp-content\/uploads\/2024\/11\/20241106_FOPE_Asset_Collane_Size_Guide.jpg 1500w, https:\/\/www.fope.com\/wp-content\/uploads\/2024\/11\/20241106_FOPE_Asset_Collane_Size_Guide-240x300.jpg 240w, https:\/\/www.fope.com\/wp-content\/uploads\/2024\/11\/20241106_FOPE_Asset_Collane_Size_Guide-819x1024.jpg 819w, https:\/\/www.fope.com\/wp-content\/uploads\/2024\/11\/20241106_FOPE_Asset_Collane_Size_Guide-768x960.jpg 768w, https:\/\/www.fope.com\/wp-content\/uploads\/2024\/11\/20241106_FOPE_Asset_Collane_Size_Guide-1229x1536.jpg 1229w, https:\/\/www.fope.com\/wp-content\/uploads\/2024\/11\/20241106_FOPE_Asset_Collane_Size_Guide-1440x1800.jpg 1440w, https:\/\/www.fope.com\/wp-content\/uploads\/2024\/11\/20241106_FOPE_Asset_Collane_Size_Guide-467x584.jpg 467w, https:\/\/www.fope.com\/wp-content\/uploads\/2024\/11\/20241106_FOPE_Asset_Collane_Size_Guide-780x975.jpg 780w, https:\/\/www.fope.com\/wp-content\/uploads\/2024\/11\/20241106_FOPE_Asset_Collane_Size_Guide-307x384.jpg 307w, https:\/\/www.fope.com\/wp-content\/uploads\/2024\/11\/20241106_FOPE_Asset_Collane_Size_Guide-1178x1473.jpg 1178w, https:\/\/www.fope.com\/wp-content\/uploads\/2024\/11\/20241106_FOPE_Asset_Collane_Size_Guide-500x625.jpg 500w, https:\/\/www.fope.com\/wp-content\/uploads\/2024\/11\/20241106_FOPE_Asset_Collane_Size_Guide-800x1000.jpg 800w\" sizes=\"auto, (max-width: 1500px) 100vw, 1500px\" \/><\/figure>\n","protected":false},"excerpt":{"rendered":"<p>GR\u00d6\u00dfE XS S M L XL HANDGELENKUMFANG MESSEN 15 16 17 18 19 RINGGR\u00d6\u00dfEN 12 13 14 15 16 17 18 19 20 Standard ITA Standard FR e DE Standard USA Standard UK 12 52 6 1\/4 M 13 53 [&hellip;]<\/p>\n","protected":false},"author":1,"featured_media":0,"parent":0,"menu_order":0,"comment_status":"closed","ping_status":"closed","template":"page-sizeguide.php","meta":{"_acf_changed":false,"footnotes":""},"class_list":["post-36281","page","type-page","status-publish","hentry"],"acf":[],"_links":{"self":[{"href":"https:\/\/www.fope.com\/de\/wp-json\/wp\/v2\/pages\/36281","targetHints":{"allow":["GET"]}}],"collection":[{"href":"https:\/\/www.fope.com\/de\/wp-json\/wp\/v2\/pages"}],"about":[{"href":"https:\/\/www.fope.com\/de\/wp-json\/wp\/v2\/types\/page"}],"author":[{"embeddable":true,"href":"https:\/\/www.fope.com\/de\/wp-json\/wp\/v2\/users\/1"}],"replies":[{"embeddable":true,"href":"https:\/\/www.fope.com\/de\/wp-json\/wp\/v2\/comments?post=36281"}],"version-history":[{"count":15,"href":"https:\/\/www.fope.com\/de\/wp-json\/wp\/v2\/pages\/36281\/revisions"}],"predecessor-version":[{"id":36698,"href":"https:\/\/www.fope.com\/de\/wp-json\/wp\/v2\/pages\/36281\/revisions\/36698"}],"wp:attachment":[{"href":"https:\/\/www.fope.com\/de\/wp-json\/wp\/v2\/media?parent=36281"}],"curies":[{"name":"wp","href":"https:\/\/api.w.org\/{rel}","templated":true}]}}