{"id":11350,"date":"2023-11-22T08:19:48","date_gmt":"2023-11-22T07:19:48","guid":{"rendered":"https:\/\/fope.noooserver.com\/authenticity-and-guarantee\/"},"modified":"2024-11-04T14:35:05","modified_gmt":"2024-11-04T13:35:05","slug":"authentizitaet-und-garantie","status":"publish","type":"page","link":"https:\/\/www.fope.com\/de\/authentizitaet-und-garantie\/","title":{"rendered":"Echtheit und garantie"},"content":{"rendered":"<div class=\"jd-block mt-5 pb-0\" >\n    <div class=\"container-fluid\">\n                <div class=\"row justify-content-center\">\n            <div class=\"cols col-lg-24 text-center\">\n                                    <h4 class=\"text-center jd-block__title--big\">Echtheit und garantie<\/h4>\n                                <div class=\"jd-block__text jd-block__text--huge\">\n                                    <\/div>\n            <\/div>\n        <\/div>\n    <\/div>\n<\/div>\n\n\n<div class=\"jd-block pt-4\" >\n    <div class=\"container-fluid\">\n                <div class=\"row justify-content-center\">\n            <div class=\"cols col-lg-14\">\n                                <div class=\"jd-block__text jd-block__text\">\n                    <p><span class=\"s5\">Die Schmuckst\u00fccke von<\/span><span class=\"s5\"> FOPE <\/span><span class=\"s5\">werden aus Gelb-, Wei\u00df- oder Ros\u00e9<\/span><span class=\"s5\">g<\/span><span class=\"s5\">old 18 Karat mit Diamanten und Edelsteinen angefertigt. Alle werden <\/span><span class=\"s5\">in Vicenza <\/span><span class=\"s5\">in Italien von hoch qualifizierten Fachkr\u00e4ften hergestellt<\/span><span class=\"s5\">. FOPE<\/span><span class=\"s5\"> und<\/span><span class=\"s5\"> Flex<\/span><span class=\"s6\">\u2019<\/span><span class=\"s5\">it s<\/span><span class=\"s5\">ind gesch\u00fctzte <\/span><span class=\"s5\">eing<\/span><span class=\"s5\">e<\/span><span class=\"s5\">tragene <\/span><span class=\"s5\">Warenzeichen, die ausschlie\u00dflich von Vertragsh\u00e4ndlern vertrieben werden<\/span><span class=\"s5\">.<\/span><\/p>\n<p><span class=\"s5\">FOPE <\/span><span class=\"s7\">ha<\/span><span class=\"s7\">t exklusiv eine hochmoderne Technologie entwickelt und f\u00fchrt die sorgf\u00e4ltigsten Qualit\u00e4tskontrollen durch. Wenn das Kundendienstzentrum von <\/span><span class=\"s5\">FOPE <\/span><span class=\"s5\">innerhalb von 24 Monaten ab dem Kaufdatum<\/span><span class=\"s5\"> M\u00e4ngel<\/span><span class=\"s5\"> feststellt, wird das Schmuckst\u00fcck gegen Vorlage de<\/span><span class=\"s5\">r<\/span><span class=\"s5\"> vo<\/span><span class=\"s5\">l<\/span><span class=\"s5\">lst\u00e4ndig ausgef\u00fcllten, gestempelten und unterzeichneten <\/span><span class=\"s5\">Bescheinigung<\/span><span class=\"s5\"> kostenlos vom H\u00e4ndler repariert oder ersetzt<\/span><span class=\"s5\">.<\/span><\/p>\n<p><span class=\"s5\">Ausgenommen von der Garantie sind M\u00e4ngel durch Unf\u00e4lle (St<\/span><span class=\"s5\">\u00f6<\/span><span class=\"s5\">\u00df<\/span><span class=\"s5\">e<\/span><span class=\"s5\">, Quetschung<\/span><span class=\"s5\">en<\/span><span class=\"s5\">), unsachgem\u00e4\u00dfen Gebrauch oder nicht genehmigte Reparatur<\/span><span class=\"s5\">.<\/span><\/p>\n                <\/div>\n            <\/div>\n        <\/div>\n    <\/div>\n<\/div>\n","protected":false},"excerpt":{"rendered":"","protected":false},"author":1,"featured_media":0,"parent":0,"menu_order":0,"comment_status":"closed","ping_status":"closed","template":"","meta":{"_acf_changed":false,"footnotes":""},"class_list":["post-11350","page","type-page","status-publish","hentry"],"acf":[],"_links":{"self":[{"href":"https:\/\/www.fope.com\/de\/wp-json\/wp\/v2\/pages\/11350","targetHints":{"allow":["GET"]}}],"collection":[{"href":"https:\/\/www.fope.com\/de\/wp-json\/wp\/v2\/pages"}],"about":[{"href":"https:\/\/www.fope.com\/de\/wp-json\/wp\/v2\/types\/page"}],"author":[{"embeddable":true,"href":"https:\/\/www.fope.com\/de\/wp-json\/wp\/v2\/users\/1"}],"replies":[{"embeddable":true,"href":"https:\/\/www.fope.com\/de\/wp-json\/wp\/v2\/comments?post=11350"}],"version-history":[{"count":5,"href":"https:\/\/www.fope.com\/de\/wp-json\/wp\/v2\/pages\/11350\/revisions"}],"predecessor-version":[{"id":36230,"href":"https:\/\/www.fope.com\/de\/wp-json\/wp\/v2\/pages\/11350\/revisions\/36230"}],"wp:attachment":[{"href":"https:\/\/www.fope.com\/de\/wp-json\/wp\/v2\/media?parent=11350"}],"curies":[{"name":"wp","href":"https:\/\/api.w.org\/{rel}","templated":true}]}}