{"id":11345,"date":"2023-11-20T12:09:16","date_gmt":"2023-11-20T11:09:16","guid":{"rendered":"https:\/\/fope.noooserver.com\/customer-support\/"},"modified":"2025-02-19T11:08:31","modified_gmt":"2025-02-19T10:08:31","slug":"kundendienst","status":"publish","type":"page","link":"https:\/\/www.fope.com\/de\/kundendienst\/","title":{"rendered":"Kundendienst"},"content":{"rendered":"<div class=\"jd-block\" >\n    <div class=\"container-fluid\">\n                <div class=\"row justify-content-center\">\n            <div class=\"cols col-lg-24 text-center\">\n                                <div class=\"jd-block__text jd-block__text--huge\">\n                    <p class=\"info\">Kundendienst<\/p>\n                <\/div>\n            <\/div>\n        <\/div>\n    <\/div>\n<\/div>\n\n\n<div class=\"jd-block\" >\n    <div class=\"container-fluid\">\n                <div class=\"row justify-content-center\">\n            <div class=\"cols col-lg-14\">\n                                <div class=\"jd-block__text jd-block__text\">\n                    <p>Brauchen Sie Unterst\u00fctzung beim Kauf? Wir stehen Ihnen f\u00fcr jeden Bedarf zur Verf\u00fcgung.<\/p>\n<p>Wenn Sie Informationen zum Produkt, zu den Zahlungsweisen oder zum Versand ben\u00f6tigen oder Ihren Auftragsstatus einsehen wollen, schreiben Sie an <a href=\"mailto:ecommerce@fope.com\">ecommerce@fope.com<\/a>.<\/p>\n                <\/div>\n            <\/div>\n        <\/div>\n    <\/div>\n<\/div>\n","protected":false},"excerpt":{"rendered":"","protected":false},"author":1,"featured_media":0,"parent":0,"menu_order":0,"comment_status":"closed","ping_status":"closed","template":"","meta":{"_acf_changed":false,"footnotes":""},"class_list":["post-11345","page","type-page","status-publish","hentry"],"acf":[],"_links":{"self":[{"href":"https:\/\/www.fope.com\/de\/wp-json\/wp\/v2\/pages\/11345","targetHints":{"allow":["GET"]}}],"collection":[{"href":"https:\/\/www.fope.com\/de\/wp-json\/wp\/v2\/pages"}],"about":[{"href":"https:\/\/www.fope.com\/de\/wp-json\/wp\/v2\/types\/page"}],"author":[{"embeddable":true,"href":"https:\/\/www.fope.com\/de\/wp-json\/wp\/v2\/users\/1"}],"replies":[{"embeddable":true,"href":"https:\/\/www.fope.com\/de\/wp-json\/wp\/v2\/comments?post=11345"}],"version-history":[{"count":5,"href":"https:\/\/www.fope.com\/de\/wp-json\/wp\/v2\/pages\/11345\/revisions"}],"predecessor-version":[{"id":44515,"href":"https:\/\/www.fope.com\/de\/wp-json\/wp\/v2\/pages\/11345\/revisions\/44515"}],"wp:attachment":[{"href":"https:\/\/www.fope.com\/de\/wp-json\/wp\/v2\/media?parent=11345"}],"curies":[{"name":"wp","href":"https:\/\/api.w.org\/{rel}","templated":true}]}}