{"id":10470,"date":"2023-11-15T10:08:12","date_gmt":"2023-11-15T09:08:12","guid":{"rendered":"https:\/\/fope.noooserver.com\/?page_id=10470"},"modified":"2024-10-25T10:14:45","modified_gmt":"2024-10-25T08:14:45","slug":"brand","status":"publish","type":"page","link":"https:\/\/www.fope.com\/de\/brand\/","title":{"rendered":"Brand"},"content":{"rendered":"\n<div class=\"wp-block-columns is-layout-flex wp-container-core-columns-is-layout-a03acb33 wp-block-columns-is-layout-flex\" style=\"margin-bottom:var(--wp--preset--spacing--60);padding-bottom:0\">\n<div class=\"wp-block-column is-layout-flow wp-container-core-column-is-layout-f983ec1d wp-block-column-is-layout-flow\" style=\"padding-bottom:0\">    <div class=\"parallax-top w-100\">\n\n        <div class=\"parallax-top__anchors\">\n                <a class=\"anchor-lnk\" data-target=\"#geschichte \" href=\"javascript:void(0);\">GESCHICHTE<\/a>\n                <a class=\"anchor-lnk\" data-target=\"#technologie\" href=\"javascript:void(0);\">TECHNOLOGIE <\/a>\n                <a class=\"anchor-lnk\" data-target=\"#flex-it\" href=\"javascript:void(0);\">FLEX\u2019IT<\/a>\n                <a class=\"anchor-lnk\" data-target=\"#design\" href=\"javascript:void(0);\">DESIGN<\/a>\n                <a class=\"anchor-lnk\" data-target=\"#style\" href=\"javascript:void(0);\">STYLE<\/a>\n            <\/div>\n                <img decoding=\"async\" class=\"img-fluid w-100\" src=\"https:\/\/www.fope.com\/wp-content\/uploads\/2023\/12\/FOPE-Vicenza.jpg\" alt=\"https:\/\/www.fope.com\/wp-content\/uploads\/2023\/12\/FOPE-Vicenza.jpg\" \/>\n    \n        <h1 class=\"parallax-top__title col-lg-16 \" style=\"color:#FFF;\" >\n        <div class=\"site-breadcrumb position-absolute\" style=\"color:#FFF;\">\n            <nav aria-label=\"breadcrumbs\" class=\"rank-math-breadcrumb\"><p><span class=\"last\">Home<\/span><\/p><\/nav>        <\/div>\n        Seit 1929 verbinden wir Erbe und Zukunft, Handwerkskunst und Innovation, Luxus und Diskretion.            <\/h1>\n\n    <\/div>\n<style>\n    .parallax-top__title .site-breadcrumb a {\n        color: #FFF;\n    }\n<\/style>\n<\/div>\n<\/div>\n\n\n<div class=\"jd-block\" id=\"geschichte\" >\n    <div class=\"container-fluid\">\n                <div class=\"row justify-content-center\">\n            <div class=\"cols col-lg-24 text-center\">\n                                    <h4 class=\" jd-block__title--normal\">GESCHICHTE<\/h4>\n                                <div class=\"jd-block__text jd-block__text--huge\">\n                    <p>Vicenza, Italien. Seit 1929<\/p>\n                <\/div>\n            <\/div>\n        <\/div>\n    <\/div>\n<\/div>\n\n\n<div class=\"jd-block\" >\n    <div class=\"container-fluid\">\n                <div class=\"row justify-content-center\">\n            <div class=\"cols col-lg-14\">\n                                <div class=\"jd-block__text jd-block__text\">\n                    <p>Die Geschichte von FOPE hat ihre Wurzeln in der italienischen Goldschmiedetradition. 1929 er\u00f6ffne-te Umberto Cazzola in Vicenza, einer Stadt mit einem reichen Wissensschatz in der Welt des Schmucks, einen Handwerksbetrieb. Mit dem gleichen Pioniergeist verwandelt sein Sohn Odino die Werkstatt in eine avantgardistische Fabrik und erfindet das dehnbare Uhrenarmband, w\u00e4hrend seine Enkel Umberto und Ines das kultige Novecento-Kettenglied erfinden und die Flex\u2019it-Technologie pa-tentieren lassen. Die vierte Generation erzielte mit Giulia internationale Erfolge und erlebte die B\u00f6r-sennotierung des Familienunternehmens, einer Marke, der es gelungen ist, die Handwerkskunst des Made in Italy durch Design und Innovation neu zu interpretieren und ihren Gold-, Diamant- und Edelsteinschmuck in die ganze Welt zu tragen.<\/p>\n                <\/div>\n            <\/div>\n        <\/div>\n    <\/div>\n<\/div>\n\n\n<div class=\"jd-block\">\n    <div class=\"container-fluid\">\n        <div class=\"row justify-content-center\">\n        \n                            <div class=\"col-lg-14 p-mobile-zero\">\n                    <div class=\"jd-block__carousel\">\n                        <div class=\"splide__track\">\n                            <div class=\"splide__list\">\n                                <div class=\"splide__slide \">\n                                    <div class=\"jd-block__image\">\n                                        <img decoding=\"async\" src=\"https:\/\/www.fope.com\/wp-content\/uploads\/2023\/12\/FOPE-Vicenza-2.jpg\" alt=\"https:\/\/www.fope.com\/wp-content\/uploads\/2023\/12\/FOPE-Vicenza-2.jpg\" class=\"img-fluid w-100\">\n                                                                            <\/div>\n                                <\/div>\n                                <div class=\"splide__slide \">\n                                    <div class=\"jd-block__image\">\n                                        <img decoding=\"async\" src=\"https:\/\/www.fope.com\/wp-content\/uploads\/2023\/12\/FOPE-Vicenza-1.jpg\" alt=\"https:\/\/www.fope.com\/wp-content\/uploads\/2023\/12\/FOPE-Vicenza-1.jpg\" class=\"img-fluid w-100\">\n                                                                            <\/div>\n                                <\/div>\n                            <\/div>\n                        <\/div>\n                    <\/div>\n                <\/div>\n            \n        \n\n\n\n\n\n        <\/div>\n    <\/div>\n<\/div>\n\n\n<div class=\"jd-block\" >\n    <div class=\"container-fluid\">\n                <div class=\"row justify-content-center\">\n            <div class=\"cols col-lg-14\">\n                                <div class=\"jd-block__text jd-block__text\">\n                                    <\/div>\n            <\/div>\n        <\/div>\n    <\/div>\n<\/div>\n\n\n<div class=\"jd-block\" id=\"technologie\" >\n    <div class=\"container-fluid\">\n                <div class=\"row justify-content-center\">\n            <div class=\"cols col-lg-24 text-center\">\n                                    <h4 class=\" jd-block__title--normal\">TECHNOLOGIE<\/h4>\n                                <div class=\"jd-block__text jd-block__text--huge\">\n                    <p>Die H\u00e4nde, die Maschinen: Handwerk und Technologie<\/p>\n                <\/div>\n            <\/div>\n        <\/div>\n    <\/div>\n<\/div>\n\n\n<div class=\"jd-block\" >\n    <div class=\"container-fluid\">\n                <div class=\"row justify-content-center\">\n            <div class=\"cols col-lg-14\">\n                                <div class=\"jd-block__text jd-block__text\">\n                    <p>In der Manufaktur in Vicenza setzen Techniker und Goldschmiedemeister Automatisierung und Ro-botik ein, um Schmuckst\u00fccke von tadelloser Qualit\u00e4t herzustellen. Die beiden wichtigsten von FOPE eingef\u00fchrten Innovationen sind das patentierte Flex\u2019it-System, das den Schmuck dank mikroskopisch kleiner Federn aus 18-kar\u00e4tigem Gold, die in die Verbindungsst\u00fccke eingearbeitet sind, elastisch macht, und das unverwechselbare Novecento-Kettenglied, ein lockeres Geflecht, das durch das Einha-ken der Komponenten ohne den Gebrauch von L\u00f6tstellen entsteht.<\/p>\n                <\/div>\n            <\/div>\n        <\/div>\n    <\/div>\n<\/div>\n\n\n<div class=\"jd-block\">\n    <div class=\"container-fluid\">\n        <div class=\"row justify-content-center\">\n            <div class=\"col-lg-12\">\n                <div class=\"jd-block__carousel--2\">\n                    <div class=\"splide__track\">\n                        <div class=\"splide__list\">\n                                                        <div class=\"splide__slide \">\n                                <div class=\"jd-block__image\">\n                                    <a class=\"overlay-box__item\" data-caption=\"\" data-fullimage=\"https:\/\/www.fope.com\/wp-content\/uploads\/2023\/12\/FOPE-Factory-1.jpg\" data-gallery=\"g1\" href=\"javascript:void(0);\" aria-label=\"overlay item\"><img decoding=\"async\" src=\"https:\/\/www.fope.com\/wp-content\/uploads\/2023\/12\/FOPE-Factory-1-1409x941.jpg\" alt=\"https:\/\/www.fope.com\/wp-content\/uploads\/2023\/12\/FOPE-Factory-1-1409x941.jpg\" class=\"img-fluid w-100\" \/><\/a>\n                                    <span><\/span>\n                                <\/div>\n                            <\/div>\n                                                        <div class=\"splide__slide \">\n                                <div class=\"jd-block__image\">\n                                    <a class=\"overlay-box__item\" data-caption=\"\" data-fullimage=\"https:\/\/www.fope.com\/wp-content\/uploads\/2023\/12\/FOPE-Factory-2.jpg\" data-gallery=\"g1\" href=\"javascript:void(0);\" aria-label=\"overlay item\"><img decoding=\"async\" src=\"https:\/\/www.fope.com\/wp-content\/uploads\/2023\/12\/FOPE-Factory-2-1409x941.jpg\" alt=\"https:\/\/www.fope.com\/wp-content\/uploads\/2023\/12\/FOPE-Factory-2-1409x941.jpg\" class=\"img-fluid w-100\" \/><\/a>\n                                    <span><\/span>\n                                <\/div>\n                            <\/div>\n                                                        <div class=\"splide__slide \">\n                                <div class=\"jd-block__image\">\n                                    <a class=\"overlay-box__item\" data-caption=\"\" data-fullimage=\"https:\/\/www.fope.com\/wp-content\/uploads\/2023\/12\/FOPE-Factory-3.jpg\" data-gallery=\"g1\" href=\"javascript:void(0);\" aria-label=\"overlay item\"><img decoding=\"async\" src=\"https:\/\/www.fope.com\/wp-content\/uploads\/2023\/12\/FOPE-Factory-3-1409x941.jpg\" alt=\"https:\/\/www.fope.com\/wp-content\/uploads\/2023\/12\/FOPE-Factory-3-1409x941.jpg\" class=\"img-fluid w-100\" \/><\/a>\n                                    <span><\/span>\n                                <\/div>\n                            <\/div>\n                                                        <div class=\"splide__slide \">\n                                <div class=\"jd-block__image\">\n                                    <a class=\"overlay-box__item\" data-caption=\"\" data-fullimage=\"https:\/\/www.fope.com\/wp-content\/uploads\/2023\/12\/FOPE-Factory-4.jpg\" data-gallery=\"g1\" href=\"javascript:void(0);\" aria-label=\"overlay item\"><img decoding=\"async\" src=\"https:\/\/www.fope.com\/wp-content\/uploads\/2023\/12\/FOPE-Factory-4-1409x941.jpg\" alt=\"https:\/\/www.fope.com\/wp-content\/uploads\/2023\/12\/FOPE-Factory-4-1409x941.jpg\" class=\"img-fluid w-100\" \/><\/a>\n                                    <span><\/span>\n                                <\/div>\n                            <\/div>\n                                                    <\/div>\n                    <\/div>\n                    <div class=\"jd-block__carouselControls\">\n                        <a class=\"jd-block__carouselControls--prev\" href=\"javascript:void(0);\" aria-label=\"prev item\">\n                            <svg xmlns=\"http:\/\/www.w3.org\/2000\/svg\" width=\"11\" height=\"8\" viewBox=\"0 0 11 8\"><path fill=\"#000\" fill-rule=\"nonzero\" d=\"m7.288 7.877 3.442-3.442a.5.5 0 0 0 0-.707L7.288.286l-.707.707L9.17 3.58H.714v1H9.17L6.581 7.17l.707.707Z\"\/><\/svg>\n                        <\/a>\n                        <a class=\"jd-block__carouselControls--next\" href=\"javascript:void(0);\" aria-label=\"next item\">\n                            <svg xmlns=\"http:\/\/www.w3.org\/2000\/svg\" width=\"11\" height=\"8\" viewBox=\"0 0 11 8\"><path fill=\"#000\" fill-rule=\"nonzero\" d=\"m7.288 7.877 3.442-3.442a.5.5 0 0 0 0-.707L7.288.286l-.707.707L9.17 3.58H.714v1H9.17L6.581 7.17l.707.707Z\"\/><\/svg>\n                        <\/a>\n                    <\/div>\n                <\/div>\n            <\/div>\n        <\/div>\n    <\/div>\n<\/div>\n\n\n<div class=\"jd-block\" id=\"flex-it\" >\n    <div class=\"container-fluid\">\n                <div class=\"row justify-content-center\">\n            <div class=\"cols col-lg-24 text-center\">\n                                    <h4 class=\" jd-block__title--normal\">FLEX\u2019IT<\/h4>\n                                <div class=\"jd-block__text jd-block__text--huge\">\n                    <p>Die Einzigartigkeit eines flexiblen Schmuckst\u00fccks<\/p>\n                <\/div>\n            <\/div>\n        <\/div>\n    <\/div>\n<\/div>\n\n\n<div class=\"jd-block\" >\n    <div class=\"container-fluid\">\n                <div class=\"row justify-content-center\">\n            <div class=\"cols col-lg-14\">\n                                <div class=\"jd-block__text jd-block__text\">\n                    <p>Gleicherma\u00dfen ein Meisterwerk der Goldschmiede- und Ingenieurskunst ist Flex\u2019it ein patentiertes System, um einzigartigen, flexiblen, komfortablen und leicht zu tragendem Schmuck vollst\u00e4ndig aus 18 Karat Gold herzustellen. Flex\u2019it ist das Markenzeichen der Brand: Wenn der Schmuck von FOPE auf der ganzen Welt bekannt ist, dann aufgrund des Kettengliedes, das durch ein patentiertes System winziger Federn aus 18-kar\u00e4tigem Gold flexibel gemacht wurde und nie dagewesene Modelle und Passformen erm\u00f6glicht.<\/p>\n                <\/div>\n            <\/div>\n        <\/div>\n    <\/div>\n<\/div>\n\n\n<div class=\"jd-block\">\n    <div class=\"container-fluid\">\n        <div class=\"row justify-content-center\">\n        \n                    <div class=\"col-lg-24 p-0\">\n                        <div class=\"jd-block__carousel\">\n                            <div class=\"splide__track\">\n                                <div class=\"splide__list\">\n                                    <div class=\"splide__slide \">\n                                        <div class=\"jd-block__image\">\n                                            <img decoding=\"async\" src=\"https:\/\/www.fope.com\/wp-content\/uploads\/2023\/12\/FOPE-Mattia-Parodi-1-scaled.jpg\" alt=\"https:\/\/www.fope.com\/wp-content\/uploads\/2023\/12\/FOPE-Mattia-Parodi-1-scaled.jpg\" class=\"img-fluid w-100\">\n                                                                                    <\/div>\n                                    <\/div>\n                                    <div class=\"splide__slide \">\n                                        <div class=\"jd-block__image\">\n                                            <img decoding=\"async\" src=\"https:\/\/www.fope.com\/wp-content\/uploads\/2023\/12\/FOPE-Mattia-Parodi-2-scaled.jpg\" alt=\"https:\/\/www.fope.com\/wp-content\/uploads\/2023\/12\/FOPE-Mattia-Parodi-2-scaled.jpg\" class=\"img-fluid w-100\">\n                                                                                    <\/div>\n                                    <\/div>\n                                <\/div>\n                            <\/div>\n                        <\/div>\n                    <\/div>\n\n                \n            \n\n        \n\n\n\n\n\n        <\/div>\n    <\/div>\n<\/div>\n\n\n<div class=\"jd-block\" id=\"design\" >\n    <div class=\"container-fluid\">\n                <div class=\"row justify-content-center\">\n            <div class=\"cols col-lg-24 text-center\">\n                                    <h4 class=\" jd-block__title--normal\">DESIGN<\/h4>\n                                <div class=\"jd-block__text jd-block__text--huge\">\n                    <p>Zeitgem\u00e4\u00dfer Minimalismus<\/p>\n                <\/div>\n            <\/div>\n        <\/div>\n    <\/div>\n<\/div>\n\n\n<div class=\"jd-block\" >\n    <div class=\"container-fluid\">\n                <div class=\"row justify-content-center\">\n            <div class=\"cols col-lg-14\">\n                                <div class=\"jd-block__text jd-block__text\">\n                    <p>Wie in der zeitgem\u00e4\u00dfen Musik, in der Minimalismus als das definiert wird, was auf sich wiederholen-den Modulen und reduzierter Gliederung beruht, basiert auch der Schmuck von FOPE auf Synthese und Wiederholung: die Basis seines Designs ist das Novecento-Kettenglied, die Flex\u2019it-Technologie und der Mix aus den Farben des Goldes.<\/p>\n                <\/div>\n            <\/div>\n        <\/div>\n    <\/div>\n<\/div>\n\n\n<div class=\"jd-block\">\n    <div class=\"container-fluid\">\n        <div class=\"row justify-content-center\">\n        \n                    <div class=\"col-lg-24 p-0\">\n                        <div class=\"jd-block__carousel\">\n                            <div class=\"splide__track\">\n                                <div class=\"splide__list\">\n                                    <div class=\"splide__slide \">\n                                        <div class=\"jd-block__image\">\n                                            <img decoding=\"async\" src=\"https:\/\/www.fope.com\/wp-content\/uploads\/2024\/10\/FOPE-Jewellery-ph-Federica-Sasso-2.jpg\" alt=\"https:\/\/www.fope.com\/wp-content\/uploads\/2024\/10\/FOPE-Jewellery-ph-Federica-Sasso-2.jpg\" class=\"img-fluid w-100\">\n                                                                                    <\/div>\n                                    <\/div>\n                                    <div class=\"splide__slide \">\n                                        <div class=\"jd-block__image\">\n                                            <img decoding=\"async\" src=\"https:\/\/www.fope.com\/wp-content\/uploads\/2024\/10\/FOPE-Jewellery-ph-Federica-Sasso-1.jpg\" alt=\"https:\/\/www.fope.com\/wp-content\/uploads\/2024\/10\/FOPE-Jewellery-ph-Federica-Sasso-1.jpg\" class=\"img-fluid w-100\">\n                                                                                    <\/div>\n                                    <\/div>\n                                <\/div>\n                            <\/div>\n                        <\/div>\n                    <\/div>\n\n                \n            \n\n        \n\n\n\n\n\n        <\/div>\n    <\/div>\n<\/div>\n\n\n<div class=\"jd-block\" id=\"style\" >\n    <div class=\"container-fluid\">\n                <div class=\"row justify-content-center\">\n            <div class=\"cols col-lg-24 text-center\">\n                                    <h4 class=\" jd-block__title--normal\">STYLE<\/h4>\n                                <div class=\"jd-block__text jd-block__text--huge\">\n                    <p>F\u00fcr eine ungezwungene Eleganz<\/p>\n                <\/div>\n            <\/div>\n        <\/div>\n    <\/div>\n<\/div>\n\n\n<div class=\"jd-block\" >\n    <div class=\"container-fluid\">\n                <div class=\"row justify-content-center\">\n            <div class=\"cols col-lg-14\">\n                                <div class=\"jd-block__text jd-block__text\">\n                    <p>Flexibilit\u00e4t ist eine technische Eigenschaft von Schmuck, aber vor allem ein Merkmal ihrer Pers\u00f6n-lichkeit. Der FOPE-Schmuck ist Ausdruck einer Idee von zeitgem\u00e4\u00dfem Luxus, der funktional ist und f\u00fcr sich selbst steht. Er ist genderless und alterslos, ein Element, das im Alltag l\u00e4ssig gelebt werden sollte, f\u00fcr einen Stil, der \u00fcber Moden, Raum und Zeit hinausgeht.<\/p>\n                <\/div>\n            <\/div>\n        <\/div>\n    <\/div>\n<\/div>\n\n\n<div class=\"jd-block\">\n    <div class=\"container-fluid\">\n        <div class=\"row justify-content-center\">\n        \n                    <div class=\"col-lg-24 p-0\">\n                        <div class=\"jd-block__carousel\">\n                            <div class=\"splide__track\">\n                                <div class=\"splide__list\">\n                                    <div class=\"splide__slide \">\n                                        <div class=\"jd-block__image\">\n                                            <img decoding=\"async\" src=\"https:\/\/www.fope.com\/wp-content\/uploads\/2023\/12\/FOPE-Common-Behaviour-1-scaled.jpg\" alt=\"https:\/\/www.fope.com\/wp-content\/uploads\/2023\/12\/FOPE-Common-Behaviour-1-scaled.jpg\" class=\"img-fluid w-100\">\n                                                                                    <\/div>\n                                    <\/div>\n                                    <div class=\"splide__slide \">\n                                        <div class=\"jd-block__image\">\n                                            <img decoding=\"async\" src=\"https:\/\/www.fope.com\/wp-content\/uploads\/2023\/12\/FOPE-Common-Behaviour-2-scaled.jpg\" alt=\"https:\/\/www.fope.com\/wp-content\/uploads\/2023\/12\/FOPE-Common-Behaviour-2-scaled.jpg\" class=\"img-fluid w-100\">\n                                                                                    <\/div>\n                                    <\/div>\n                                <\/div>\n                            <\/div>\n                        <\/div>\n                    <\/div>\n\n                \n            \n\n        \n\n\n\n\n\n        <\/div>\n    <\/div>\n<\/div>\n","protected":false},"excerpt":{"rendered":"","protected":false},"author":1,"featured_media":0,"parent":0,"menu_order":0,"comment_status":"closed","ping_status":"closed","template":"","meta":{"_acf_changed":false,"footnotes":""},"class_list":["post-10470","page","type-page","status-publish","hentry"],"acf":[],"_links":{"self":[{"href":"https:\/\/www.fope.com\/de\/wp-json\/wp\/v2\/pages\/10470","targetHints":{"allow":["GET"]}}],"collection":[{"href":"https:\/\/www.fope.com\/de\/wp-json\/wp\/v2\/pages"}],"about":[{"href":"https:\/\/www.fope.com\/de\/wp-json\/wp\/v2\/types\/page"}],"author":[{"embeddable":true,"href":"https:\/\/www.fope.com\/de\/wp-json\/wp\/v2\/users\/1"}],"replies":[{"embeddable":true,"href":"https:\/\/www.fope.com\/de\/wp-json\/wp\/v2\/comments?post=10470"}],"version-history":[{"count":24,"href":"https:\/\/www.fope.com\/de\/wp-json\/wp\/v2\/pages\/10470\/revisions"}],"predecessor-version":[{"id":36119,"href":"https:\/\/www.fope.com\/de\/wp-json\/wp\/v2\/pages\/10470\/revisions\/36119"}],"wp:attachment":[{"href":"https:\/\/www.fope.com\/de\/wp-json\/wp\/v2\/media?parent=10470"}],"curies":[{"name":"wp","href":"https:\/\/api.w.org\/{rel}","templated":true}]}}